{"id":27840,"date":"2025-11-20T13:55:53","date_gmt":"2025-11-20T18:55:53","guid":{"rendered":"https:\/\/academia.completei.es\/index.php\/register\/"},"modified":"2025-11-20T14:08:36","modified_gmt":"2025-11-20T19:08:36","slug":"register","status":"publish","type":"page","link":"https:\/\/academia.completei.es\/index.php\/register\/","title":{"rendered":"Inscripci\u00f3n"},"content":{"rendered":"\t\t<div data-elementor-type=\"wp-page\" data-elementor-id=\"27840\" class=\"elementor elementor-27840\">\n\t\t\t\t\t\t<section class=\"elementor-section elementor-top-section elementor-element elementor-element-35e6144d elementor-section-boxed elementor-section-height-default elementor-section-height-default\" data-id=\"35e6144d\" data-element_type=\"section\" data-e-type=\"section\">\n\t\t\t\t\t\t<div class=\"elementor-container elementor-column-gap-default\">\n\t\t\t\t\t<div class=\"elementor-column elementor-col-100 elementor-top-column elementor-element elementor-element-22c183a7\" data-id=\"22c183a7\" data-element_type=\"column\" data-e-type=\"column\">\n\t\t\t<div class=\"elementor-widget-wrap elementor-element-populated\">\n\t\t\t\t\t\t<div class=\"elementor-element elementor-element-57b037fe elementor-widget elementor-widget-text-editor\" data-id=\"57b037fe\" data-element_type=\"widget\" data-e-type=\"widget\" data-widget_type=\"text-editor.default\">\n\t\t\t\t<div class=\"elementor-widget-container\">\n\t\t\t\t\t\t\t\t\t\n\n\n<p><\/p>\n\t\t\t\t\t\t\t\t<\/div>\n\t\t\t\t<\/div>\n\t\t\t\t\t<\/div>\n\t\t<\/div>\n\t\t\t\t\t<\/div>\n\t\t<\/section>\n\t\t\t\t<section class=\"elementor-section elementor-top-section elementor-element elementor-element-f350f95 elementor-section-boxed elementor-section-height-default elementor-section-height-default\" data-id=\"f350f95\" data-element_type=\"section\" data-e-type=\"section\">\n\t\t\t\t\t\t<div class=\"elementor-container elementor-column-gap-default\">\n\t\t\t\t\t<div class=\"elementor-column elementor-col-50 elementor-top-column elementor-element elementor-element-88f5b6a\" data-id=\"88f5b6a\" data-element_type=\"column\" data-e-type=\"column\">\n\t\t\t<div class=\"elementor-widget-wrap elementor-element-populated\">\n\t\t\t\t\t\t<div class=\"elementor-element elementor-element-3864d5b elementor-widget elementor-widget-shortcode\" data-id=\"3864d5b\" data-element_type=\"widget\" data-e-type=\"widget\" data-widget_type=\"shortcode.default\">\n\t\t\t\t<div class=\"elementor-widget-container\">\n\t\t\t\t\t\t\t<div class=\"elementor-shortcode\">\n<div class=\"um um-register um-27821\">\n\t<div class=\"um-form\" data-mode=\"register\">\n\t\t<form method=\"post\" action=\"\">\n\t\t\t<div class=\"um-row _um_row_1 \" style=\"margin: 0 0 30px 0;\"><div class=\"um-col-1\"><div  id=\"um_field_27821_user_login\" class=\"um-field um-field-text  um-field-user_login um-field-text um-field-type_text\" data-key=\"user_login\"><div class=\"um-field-label\"><label for=\"user_login-27821\">Nombre de usuario<span class=\"um-req\" title=\"Obligatorio\">*<\/span><\/label><div class=\"um-clear\"><\/div><\/div><div class=\"um-field-area\"><input  autocomplete=\"off\" class=\"um-form-field valid \" type=\"text\" name=\"user_login-27821\" id=\"user_login-27821\" value=\"\" placeholder=\"\" data-validate=\"unique_username\" data-key=\"user_login\"  aria-invalid=\"false\" \/>\n\n\t\t\t\t\t\t<\/div><\/div><div  id=\"um_field_27821_first_name\" class=\"um-field um-field-text  um-field-first_name um-field-text um-field-type_text\" data-key=\"first_name\"><div class=\"um-field-label\"><label for=\"first_name-27821\">Nombre<span class=\"um-req\" title=\"Obligatorio\">*<\/span><\/label><div class=\"um-clear\"><\/div><\/div><div class=\"um-field-area\"><input  autocomplete=\"off\" class=\"um-form-field valid \" type=\"text\" name=\"first_name-27821\" id=\"first_name-27821\" value=\"\" placeholder=\"\" data-validate=\"\" data-key=\"first_name\"  aria-invalid=\"false\" \/>\n\n\t\t\t\t\t\t<\/div><\/div><div  id=\"um_field_27821_last_name\" class=\"um-field um-field-text  um-field-last_name um-field-text um-field-type_text\" data-key=\"last_name\"><div class=\"um-field-label\"><label for=\"last_name-27821\">Apellidos<span class=\"um-req\" title=\"Obligatorio\">*<\/span><\/label><div class=\"um-clear\"><\/div><\/div><div class=\"um-field-area\"><input  autocomplete=\"off\" class=\"um-form-field valid \" type=\"text\" name=\"last_name-27821\" id=\"last_name-27821\" value=\"\" placeholder=\"\" data-validate=\"\" data-key=\"last_name\"  aria-invalid=\"false\" \/>\n\n\t\t\t\t\t\t<\/div><\/div><div  id=\"um_field_27821_user_email\" class=\"um-field um-field-text  um-field-user_email um-field-text um-field-type_text\" data-key=\"user_email\"><div class=\"um-field-label\"><label for=\"user_email-27821\">Direcci\u00f3n de correo electr\u00f3nico<span class=\"um-req\" title=\"Obligatorio\">*<\/span><\/label><div class=\"um-clear\"><\/div><\/div><div class=\"um-field-area\"><input  autocomplete=\"off\" class=\"um-form-field valid \" type=\"text\" name=\"user_email-27821\" id=\"user_email-27821\" value=\"\" placeholder=\"\" data-validate=\"unique_email\" data-key=\"user_email\"  aria-invalid=\"false\" \/>\n\n\t\t\t\t\t\t<\/div><\/div><div  id=\"um_field_27821_user_password\" class=\"um-field um-field-password  um-field-user_password um-field-password um-field-type_password\" data-key=\"user_password\"><div class=\"um-field-label\"><label for=\"user_password-27821\">Contrase\u00f1a<span class=\"um-req\" title=\"Obligatorio\">*<\/span><\/label><div class=\"um-clear\"><\/div><\/div><div class=\"um-field-area\"><div class=\"um-field-area-password\">\n\t\t\t\t\t\t\t\t\t<input class=\"um-form-field valid \" type=\"password\" name=\"user_password-27821\" id=\"user_password-27821\" value=\"\" placeholder=\"\" data-validate=\"\" data-key=\"user_password\"  aria-invalid=\"false\" \/>\n\t\t\t\t\t\t\t\t\t<span class=\"um-toggle-password\"><i class=\"um-icon-eye\"><\/i><\/span>\n\t\t\t\t\t\t\t\t<\/div>\n\t\t\t\t\t\t\t<\/div><\/div><div  id=\"um_field_27821_confirm_user_password\" class=\"um-field um-field-password  um-field-user_password um-field-password um-field-type_password\" data-key=\"confirm_user_password\"><div class=\"um-field-label\"><label for=\"confirm_user_password-27821\">Confirmar Contrase\u00f1a<span class=\"um-req\" title=\"Obligatorio\">*<\/span><\/label><div class=\"um-clear\"><\/div><\/div><div class=\"um-field-area\"><div class=\"um-field-area-password\"><input class=\"um-form-field valid \" type=\"password\" name=\"confirm_user_password-27821\" id=\"confirm_user_password-27821\" value=\"\" placeholder=\"Confirmar Contrase\u00f1a\" data-validate=\"\" data-key=\"confirm_user_password\"  aria-invalid=\"false\" \/><span class=\"um-toggle-password\"><i class=\"um-icon-eye\"><\/i><\/span><\/div><\/div><\/div><\/div><\/div>\t<input type=\"hidden\" name=\"form_id\" id=\"form_id_27821\" value=\"27821\" \/>\n\t\t<p class=\"um_request_name\">\n\t\t<label for=\"um_request_27821\">Only fill in if you are not human<\/label>\n\t\t<input type=\"hidden\" name=\"um_request\" id=\"um_request_27821\" class=\"input\" value=\"\" size=\"25\" autocomplete=\"off\" \/>\n\t<\/p>\n\t<input type=\"hidden\" id=\"_wpnonce\" name=\"_wpnonce\" value=\"c281ff6c04\" \/><input type=\"hidden\" name=\"_wp_http_referer\" value=\"\/index.php\/wp-json\/wp\/v2\/pages\/27840\" \/>\n\t<div class=\"um-col-alt\">\n\n\t\t\n\t\t\t<div class=\"um-left um-half\">\n\t\t\t\t<input type=\"submit\" value=\"Registro\" class=\"um-button\" id=\"um-submit-btn\" \/>\n\t\t\t<\/div>\n\t\t\t<div class=\"um-right um-half\">\n\t\t\t\t<a href=\"https:\/\/academia.completei.es\/index.php\/logininiciar\/\" class=\"um-button um-alt\">\n\t\t\t\t\tAcceder\t\t\t\t<\/a>\n\t\t\t<\/div>\n\n\t\t\n\t\t<div class=\"um-clear\"><\/div>\n\n\t<\/div>\n\n\t\t\t<\/form>\n\t<\/div>\n<\/div>\n<style>\n\t\t\t.um-27821.um {\n\t\t\tmax-width: 450px;\n\t\t}\n\t\t<\/style>\n<\/div>\n\t\t\t\t\t\t<\/div>\n\t\t\t\t<\/div>\n\t\t\t\t\t<\/div>\n\t\t<\/div>\n\t\t\t\t<div class=\"elementor-column elementor-col-50 elementor-top-column elementor-element elementor-element-4bbcf6b\" data-id=\"4bbcf6b\" data-element_type=\"column\" data-e-type=\"column\">\n\t\t\t<div class=\"elementor-widget-wrap elementor-element-populated\">\n\t\t\t\t\t\t<div class=\"elementor-element elementor-element-8b1e4bd elementor-widget elementor-widget-image\" data-id=\"8b1e4bd\" data-element_type=\"widget\" data-e-type=\"widget\" data-widget_type=\"image.default\">\n\t\t\t\t<div class=\"elementor-widget-container\">\n\t\t\t\t\t\t\t\t\t\t\t\t\t\t\t<img fetchpriority=\"high\" decoding=\"async\" width=\"580\" height=\"211\" src=\"https:\/\/academia.completei.es\/wp-content\/uploads\/2025\/06\/AYUDA.png\" class=\"attachment-large size-large wp-image-27489\" alt=\"\" srcset=\"https:\/\/academia.completei.es\/wp-content\/uploads\/2025\/06\/AYUDA.png 580w, https:\/\/academia.completei.es\/wp-content\/uploads\/2025\/06\/AYUDA-300x109.png 300w\" sizes=\"(max-width: 580px) 100vw, 580px\" \/>\t\t\t\t\t\t\t\t\t\t\t\t\t\t\t<\/div>\n\t\t\t\t<\/div>\n\t\t\t\t<div class=\"elementor-element elementor-element-950a76a elementor-widget elementor-widget-image\" data-id=\"950a76a\" data-element_type=\"widget\" data-e-type=\"widget\" data-widget_type=\"image.default\">\n\t\t\t\t<div class=\"elementor-widget-container\">\n\t\t\t\t\t\t\t\t\t\t\t\t\t\t\t<img decoding=\"async\" width=\"1000\" height=\"1000\" src=\"https:\/\/academia.completei.es\/wp-content\/uploads\/2024\/09\/1-1.png\" class=\"attachment-large size-large wp-image-26808\" alt=\"\" srcset=\"https:\/\/academia.completei.es\/wp-content\/uploads\/2024\/09\/1-1.png 1000w, https:\/\/academia.completei.es\/wp-content\/uploads\/2024\/09\/1-1-300x300.png 300w, https:\/\/academia.completei.es\/wp-content\/uploads\/2024\/09\/1-1-150x150.png 150w, https:\/\/academia.completei.es\/wp-content\/uploads\/2024\/09\/1-1-768x768.png 768w\" sizes=\"(max-width: 1000px) 100vw, 1000px\" \/>\t\t\t\t\t\t\t\t\t\t\t\t\t\t\t<\/div>\n\t\t\t\t<\/div>\n\t\t\t\t<div class=\"elementor-element elementor-element-96ce091 elementor-widget elementor-widget-heading\" data-id=\"96ce091\" data-element_type=\"widget\" data-e-type=\"widget\" data-widget_type=\"heading.default\">\n\t\t\t\t<div class=\"elementor-widget-container\">\n\t\t\t\t\t<h2 class=\"elementor-heading-title elementor-size-default\">PASOS PARA INSCIRIBIRSE<\/h2>\t\t\t\t<\/div>\n\t\t\t\t<\/div>\n\t\t\t\t<div class=\"elementor-element elementor-element-7a66b0f elementor-widget elementor-widget-text-editor\" data-id=\"7a66b0f\" data-element_type=\"widget\" data-e-type=\"widget\" data-widget_type=\"text-editor.default\">\n\t\t\t\t<div class=\"elementor-widget-container\">\n\t\t\t\t\t\t\t\t\t<h4 data-start=\"167\" data-end=\"218\">1. <strong data-start=\"175\" data-end=\"218\">Crear una cuenta (si a\u00fan no tienes una)<\/strong><\/h4><ul data-start=\"219\" data-end=\"331\"><li data-start=\"219\" data-end=\"285\"><p data-start=\"221\" data-end=\"285\">Ingresa todos tus datos personales en el formulario de registro.<\/p><\/li><li data-start=\"286\" data-end=\"331\"><p data-start=\"288\" data-end=\"331\">Crea un nombre de usuario y una contrase\u00f1a.<\/p><\/li><\/ul><h4 data-start=\"333\" data-end=\"359\">2. <strong data-start=\"341\" data-end=\"359\">Iniciar sesi\u00f3n<\/strong><\/h4><ul data-start=\"360\" data-end=\"429\"><li data-start=\"360\" data-end=\"429\"><p data-start=\"362\" data-end=\"429\">Si ya tienes una cuenta, inicia sesi\u00f3n con tu usuario y contrase\u00f1a.<\/p><\/li><\/ul><h4 data-start=\"431\" data-end=\"459\">3. <strong data-start=\"439\" data-end=\"459\">Realizar el pago<\/strong><\/h4><ul data-start=\"460\" data-end=\"578\"><li data-start=\"460\" data-end=\"495\"><p data-start=\"462\" data-end=\"495\">Haz clic en el bot\u00f3n <strong data-start=\"483\" data-end=\"494\">&#8220;Pagar&#8221;<\/strong>.<\/p><\/li><li data-start=\"496\" data-end=\"578\"><p data-start=\"498\" data-end=\"578\">Ingresa los datos de tu tarjeta en la secci\u00f3n de pago y confirma la transacci\u00f3n.<\/p><\/li><\/ul><h4 data-start=\"580\" data-end=\"623\">4. <strong data-start=\"588\" data-end=\"623\">Verificar tu correo electr\u00f3nico<\/strong><\/h4><ul data-start=\"624\" data-end=\"774\"><li data-start=\"624\" data-end=\"686\"><p data-start=\"626\" data-end=\"686\">Revisa tu bandeja de entrada (y tambi\u00e9n la carpeta de spam).<\/p><\/li><li data-start=\"687\" data-end=\"774\"><p data-start=\"689\" data-end=\"774\">Abre el correo que recibas y haz clic en el enlace para <strong data-start=\"745\" data-end=\"773\">confirmar tu inscripci\u00f3n<\/strong>.<\/p><\/li><\/ul><h4 data-start=\"776\" data-end=\"806\">5. <strong data-start=\"784\" data-end=\"806\">Acceder a tu curso<\/strong><\/h4><ul data-start=\"807\" data-end=\"933\"><li data-start=\"807\" data-end=\"869\"><p data-start=\"809\" data-end=\"869\">Una vez confirmado el registro, inicia sesi\u00f3n con tu cuenta.<\/p><\/li><li data-start=\"870\" data-end=\"933\"><p data-start=\"872\" data-end=\"933\">Ve a tu perfil para ver los cursos en los que est\u00e1s inscrito.<\/p><\/li><\/ul>\t\t\t\t\t\t\t\t<\/div>\n\t\t\t\t<\/div>\n\t\t\t\t\t<\/div>\n\t\t<\/div>\n\t\t\t\t\t<\/div>\n\t\t<\/section>\n\t\t\t\t<\/div>\n\t\t","protected":false},"excerpt":{"rendered":"<p>PASOS PARA INSCIRIBIRSE 1. Crear una cuenta (si a\u00fan no tienes una) Ingresa todos tus datos personales en el formulario de registro. Crea un nombre de usuario y una contrase\u00f1a. 2. Iniciar sesi\u00f3n Si ya tienes una cuenta, inicia sesi\u00f3n con tu usuario y contrase\u00f1a. 3. Realizar el pago Haz clic en el bot\u00f3n &#8220;Pagar&#8221;. [&hellip;]<\/p>\n","protected":false},"author":1,"featured_media":0,"parent":0,"menu_order":0,"comment_status":"closed","ping_status":"closed","template":"","meta":{"om_disable_all_campaigns":false,"_uag_custom_page_level_css":"","_monsterinsights_skip_tracking":false,"_monsterinsights_sitenote_active":false,"_monsterinsights_sitenote_note":"","_monsterinsights_sitenote_category":0,"site-sidebar-layout":"default","site-content-layout":"","ast-site-content-layout":"default","site-content-style":"default","site-sidebar-style":"default","ast-global-header-display":"","ast-banner-title-visibility":"","ast-main-header-display":"","ast-hfb-above-header-display":"","ast-hfb-below-header-display":"","ast-hfb-mobile-header-display":"","site-post-title":"","ast-breadcrumbs-content":"","ast-featured-img":"","footer-sml-layout":"","theme-transparent-header-meta":"","adv-header-id-meta":"","stick-header-meta":"","header-above-stick-meta":"","header-main-stick-meta":"","header-below-stick-meta":"","astra-migrate-meta-layouts":"set","ast-page-background-enabled":"default","ast-page-background-meta":{"desktop":{"background-color":"","background-image":"","background-repeat":"repeat","background-position":"center center","background-size":"auto","background-attachment":"scroll","background-type":"","background-media":"","overlay-type":"","overlay-color":"","overlay-opacity":"","overlay-gradient":""},"tablet":{"background-color":"","background-image":"","background-repeat":"repeat","background-position":"center center","background-size":"auto","background-attachment":"scroll","background-type":"","background-media":"","overlay-type":"","overlay-color":"","overlay-opacity":"","overlay-gradient":""},"mobile":{"background-color":"","background-image":"","background-repeat":"repeat","background-position":"center center","background-size":"auto","background-attachment":"scroll","background-type":"","background-media":"","overlay-type":"","overlay-color":"","overlay-opacity":"","overlay-gradient":""}},"ast-content-background-meta":{"desktop":{"background-color":"var(--ast-global-color-5)","background-image":"","background-repeat":"repeat","background-position":"center center","background-size":"auto","background-attachment":"scroll","background-type":"","background-media":"","overlay-type":"","overlay-color":"","overlay-opacity":"","overlay-gradient":""},"tablet":{"background-color":"var(--ast-global-color-5)","background-image":"","background-repeat":"repeat","background-position":"center center","background-size":"auto","background-attachment":"scroll","background-type":"","background-media":"","overlay-type":"","overlay-color":"","overlay-opacity":"","overlay-gradient":""},"mobile":{"background-color":"var(--ast-global-color-5)","background-image":"","background-repeat":"repeat","background-position":"center center","background-size":"auto","background-attachment":"scroll","background-type":"","background-media":"","overlay-type":"","overlay-color":"","overlay-opacity":"","overlay-gradient":""}},"footnotes":""},"class_list":["post-27840","page","type-page","status-publish","hentry"],"aioseo_notices":[],"_hostinger_reach_plugin_has_subscription_block":false,"_hostinger_reach_plugin_is_elementor":false,"uagb_featured_image_src":{"full":false,"thumbnail":false,"medium":false,"medium_large":false,"large":false,"1536x1536":false,"2048x2048":false,"mailpoet_newsletter_max":false},"uagb_author_info":{"display_name":"soporte","author_link":"https:\/\/academia.completei.es\/index.php\/author\/soporte\/"},"uagb_comment_info":0,"uagb_excerpt":"PASOS PARA INSCIRIBIRSE 1. Crear una cuenta (si a\u00fan no tienes una) Ingresa todos tus datos personales en el formulario de registro. Crea un nombre de usuario y una contrase\u00f1a. 2. Iniciar sesi\u00f3n Si ya tienes una cuenta, inicia sesi\u00f3n con tu usuario y contrase\u00f1a. 3. Realizar el pago Haz clic en el bot\u00f3n &#8220;Pagar&#8221;.&hellip;","_links":{"self":[{"href":"https:\/\/academia.completei.es\/index.php\/wp-json\/wp\/v2\/pages\/27840","targetHints":{"allow":["GET"]}}],"collection":[{"href":"https:\/\/academia.completei.es\/index.php\/wp-json\/wp\/v2\/pages"}],"about":[{"href":"https:\/\/academia.completei.es\/index.php\/wp-json\/wp\/v2\/types\/page"}],"author":[{"embeddable":true,"href":"https:\/\/academia.completei.es\/index.php\/wp-json\/wp\/v2\/users\/1"}],"replies":[{"embeddable":true,"href":"https:\/\/academia.completei.es\/index.php\/wp-json\/wp\/v2\/comments?post=27840"}],"version-history":[{"count":7,"href":"https:\/\/academia.completei.es\/index.php\/wp-json\/wp\/v2\/pages\/27840\/revisions"}],"predecessor-version":[{"id":27849,"href":"https:\/\/academia.completei.es\/index.php\/wp-json\/wp\/v2\/pages\/27840\/revisions\/27849"}],"wp:attachment":[{"href":"https:\/\/academia.completei.es\/index.php\/wp-json\/wp\/v2\/media?parent=27840"}],"curies":[{"name":"wp","href":"https:\/\/api.w.org\/{rel}","templated":true}]}}