{"id":26784,"date":"2024-09-12T00:24:41","date_gmt":"2024-09-12T04:24:41","guid":{"rendered":"https:\/\/academia.completei.es\/?page_id=26784"},"modified":"2024-09-18T12:53:13","modified_gmt":"2024-09-18T16:53:13","slug":"rompe-patrones-y-completa-tu-vida","status":"publish","type":"page","link":"https:\/\/academia.completei.es\/index.php\/rompe-patrones-y-completa-tu-vida\/","title":{"rendered":"Rompe Patrones y Completa Tu Vida"},"content":{"rendered":"\n<div class=\"wp-block-uagb-container uagb-block-ede7e72a alignfull uagb-is-root-container\"><div class=\"uagb-container__shape uagb-container__shape-bottom uagb-container__shape-above-content uagb-container__invert\" data-negative=\"false\"><svg xmlns=\"https:\/\/www.w3.org\/2000\/svg\" viewBox=\"0 0 937.5 120\" preserveAspectRatio=\"none\"><path class=\"uagb-container__shape-fill\" d=\"M937,129.8V-0.1H0v129.9C0,62.6,209.6,8.2,468.4,8.2S936.9,62.6,937,129.8z\"><\/path><\/svg><\/div><div class=\"uagb-container-inner-blocks-wrap\">\n<div class=\"wp-block-uagb-info-box uagb-block-c710f8d3 uagb-infobox__content-wrap  uagb-infobox-icon-above-title uagb-infobox-image-valign-top wp-block-uagb-info-box--has-margin\"><div class=\"uagb-infobox-margin-wrapper\"><div class=\"uagb-ifb-content\"><div class=\"uagb-ifb-title-wrap\"><h1 class=\"uagb-ifb-title\">ROMPE PATRONES Y COMPLETA TU VIDA <br>WEBINAR GRATIS<br>EN VIVO VIA ZOOM<\/h1><\/div><p class=\"uagb-ifb-desc\">VIERNES &#8211; OCTUBRE 4 \u2013 8:00PM ET<\/p><div class=\"uagb-ifb-button-wrapper wp-block-button\"><a href=\"#webinar\" class=\"uagb-infobox-cta-link wp-block-button__link\" target=\"_self\" rel=\"noopener noreferrer\" onclick=\"return true;\"><svg xmlns=\"https:\/\/www.w3.org\/2000\/svg\" viewBox=\"0 0 448 512\"><path d=\"M160 32V64H288V32C288 14.33 302.3 0 320 0C337.7 0 352 14.33 352 32V64H400C426.5 64 448 85.49 448 112V160H0V112C0 85.49 21.49 64 48 64H96V32C96 14.33 110.3 0 128 0C145.7 0 160 14.33 160 32zM0 192H448V464C448 490.5 426.5 512 400 512H48C21.49 512 0 490.5 0 464V192zM328.1 304.1C338.3 295.6 338.3 280.4 328.1 271C319.6 261.7 304.4 261.7 295 271L200 366.1L152.1 319C143.6 309.7 128.4 309.7 119 319C109.7 328.4 109.7 343.6 119 352.1L183 416.1C192.4 426.3 207.6 426.3 216.1 416.1L328.1 304.1z\"><\/path><\/svg><span class=\"uagb-inline-editing\">\u00a1REGISTRATE AHORA!<\/span><\/a><\/div><\/div><\/div><\/div>\n<\/div><\/div>\n\n\n\n<div class=\"wp-block-uagb-container uagb-block-2dbc81f7 alignfull uagb-is-root-container\"><div class=\"uagb-container-inner-blocks-wrap\">\n<div class=\"wp-block-columns is-layout-flex wp-container-core-columns-is-layout-28f84493 wp-block-columns-is-layout-flex\">\n<div class=\"wp-block-column is-layout-flow wp-block-column-is-layout-flow\" style=\"flex-basis:100%\">\n<div class=\"wp-block-columns is-layout-flex wp-container-core-columns-is-layout-28f84493 wp-block-columns-is-layout-flex\">\n<div class=\"wp-block-column is-layout-flow wp-block-column-is-layout-flow\" style=\"flex-basis:50%\">\n<div class=\"wp-block-uagb-image uagb-block-ad72c0f9 wp-block-uagb-image--layout-default wp-block-uagb-image--effect-static wp-block-uagb-image--align-none\"><figure class=\"wp-block-uagb-image__figure\"><img loading=\"lazy\" decoding=\"async\" srcset=\"https:\/\/academia.completei.es\/wp-content\/uploads\/2024\/09\/2.png ,https:\/\/academia.completei.es\/wp-content\/uploads\/2024\/09\/2.png 780w, https:\/\/academia.completei.es\/wp-content\/uploads\/2024\/09\/2.png 360w\" sizes=\"auto, (max-width: 480px) 150px\" src=\"https:\/\/academia.completei.es\/wp-content\/uploads\/2024\/09\/2.png\" alt=\"\" class=\"uag-image-26809\" width=\"249\" height=\"249\" title=\"2\" loading=\"lazy\" role=\"img\"\/><\/figure><\/div>\n<\/div>\n\n\n\n<div class=\"wp-block-column is-layout-flow wp-block-column-is-layout-flow\" style=\"flex-basis:50%\">\n<div class=\"wp-block-uagb-info-box uagb-block-f6b7e410 uagb-infobox__content-wrap  uagb-infobox-icon-above-title uagb-infobox-image-valign-top wp-block-uagb-info-box--has-margin\"><div class=\"uagb-infobox-margin-wrapper\"><div class=\"uagb-ifb-content\"><div class=\"uagb-ifb-title-wrap\"><h2 class=\"uagb-ifb-title\">Encuentra tu zona horaria<\/h2><\/div><div class=\"uagb-ifb-button-wrapper wp-block-button\"><a href=\"https:\/\/24timezones.com\/es\/difference\" class=\"uagb-infobox-cta-link wp-block-button__link\" target=\"_self\" rel=\"noopener noreferrer\" onclick=\"return true;\"><svg xmlns=\"https:\/\/www.w3.org\/2000\/svg\" viewBox=\"0 0 512 512\"><path d=\"M256 512C114.6 512 0 397.4 0 256C0 114.6 114.6 0 256 0C397.4 0 512 114.6 512 256C512 397.4 397.4 512 256 512zM232 256C232 264 236 271.5 242.7 275.1L338.7 339.1C349.7 347.3 364.6 344.3 371.1 333.3C379.3 322.3 376.3 307.4 365.3 300L280 243.2V120C280 106.7 269.3 96 255.1 96C242.7 96 231.1 106.7 231.1 120L232 256z\"><\/path><\/svg><span class=\"uagb-inline-editing\">VER ZONA HORARIA<\/span><\/a><\/div><\/div><\/div><\/div>\n<\/div>\n<\/div>\n<\/div>\n<\/div>\n<\/div><\/div>\n\n\n\n<div id=\"about\" class=\"wp-block-uagb-container uagb-block-5f08c9e2 alignfull uagb-is-root-container\"><div class=\"uagb-container-inner-blocks-wrap\">\n<div class=\"wp-block-uagb-container uagb-block-0aa95e83\">\n<div class=\"wp-block-uagb-advanced-heading uagb-block-1a63eb65\"><h2 class=\"uagb-heading-text\">\u00daNETE<\/h2><p class=\"uagb-desc-text\"> Te invito a esta clase maestra gratuita para que descubras como optimizar el potencial que hay en ti en el juego de la vida y adquieras herramientas para construir una vida de \u00e9xito total. Adem\u00e1s, te estaremos dando de REGALO la suscripci\u00f3n a nuestra Jornada de Mejoramiento Continuo en nuestra academia online.<\/p><\/div>\n\n\n\n<div class=\"wp-block-uagb-info-box uagb-block-9760b8d9 uagb-infobox__content-wrap  uagb-infobox-icon-left uagb-infobox-left uagb-infobox-image-valign-top\"><div class=\"uagb-ifb-icon-wrap\"><div class=\"uagb-iconbox-icon-wrap uagb-infobox-shape-circle\"><svg xmlns=\"https:\/\/www.w3.org\/2000\/svg\" viewBox=\"0 0 640 512\"><path d=\"M274.7 304H173.3C77.61 304 0 381.6 0 477.3C0 496.5 15.52 512 34.66 512H413.3C432.5 512 448 496.5 448 477.3C448 381.6 370.4 304 274.7 304zM224 256c70.7 0 128-57.31 128-128S294.7 0 224 0C153.3 0 96 57.31 96 128S153.3 256 224 256zM632.3 134.4c-9.703-9-24.91-8.453-33.92 1.266l-87.05 93.75l-38.39-38.39c-9.375-9.375-24.56-9.375-33.94 0s-9.375 24.56 0 33.94l56 56C499.5 285.5 505.6 288 512 288h.4375c6.531-.125 12.72-2.891 17.16-7.672l104-112C642.6 158.6 642 143.4 632.3 134.4z\"><\/path><\/svg><\/div><\/div><div class=\"uagb-ifb-content\"><div class=\"uagb-ifb-title-wrap\"><h5 class=\"uagb-ifb-title\"><a href=\"Recuerda:\">Recuerda:<\/a><\/h5><\/div><p class=\"uagb-ifb-desc\">\u00a1Lo que hagas hoy determinar\u00e1 en gran manera c\u00f3mo ser\u00e1 tu futuro!<\/p><\/div><\/div>\n<\/div>\n\n\n\n<div class=\"wp-block-uagb-container uagb-block-0b6db7ee\">\n<div class=\"wp-block-uagb-image alignleft uagb-block-180d5655 wp-block-uagb-image--layout-default wp-block-uagb-image--effect-static wp-block-uagb-image--align-left\"><figure class=\"wp-block-uagb-image__figure\"><img loading=\"lazy\" decoding=\"async\" srcset=\"https:\/\/academia.completei.es\/wp-content\/uploads\/2024\/09\/4.png ,https:\/\/academia.completei.es\/wp-content\/uploads\/2024\/09\/4.png 780w, https:\/\/academia.completei.es\/wp-content\/uploads\/2024\/09\/4.png 360w\" sizes=\"auto, (max-width: 480px) 150px\" src=\"https:\/\/academia.completei.es\/wp-content\/uploads\/2024\/09\/4.png\" alt=\"\" class=\"uag-image-26811\" width=\"481\" height=\"97\" title=\"4\" loading=\"lazy\" role=\"img\"\/><\/figure><\/div>\n<\/div>\n<\/div><\/div>\n\n\n\n<div id=\"webinar\" class=\"wp-block-uagb-container uagb-block-01adcc1e alignfull uagb-is-root-container\"><div class=\"uagb-container-inner-blocks-wrap\">  \n  \n  <div class=\"\n    mailpoet_form_popup_overlay\n      \"><\/div>\n  <div\n    id=\"mailpoet_form_3\"\n    class=\"\n      mailpoet_form\n      mailpoet_form_html\n      mailpoet_form_position_\n      mailpoet_form_animation_\n    \"\n      >\n\n    <style type=\"text\/css\">\n     #mailpoet_form_3 .mailpoet_form {  }\n#mailpoet_form_3 form { margin-bottom: 0; }\n#mailpoet_form_3 p.mailpoet_form_paragraph.last { margin-bottom: 0px; }\n#mailpoet_form_3 h2.mailpoet-heading { margin: -10px 0 10px 0; }\n#mailpoet_form_3 .mailpoet_column_with_background { padding: 10px; }\n#mailpoet_form_3 .mailpoet_form_column:not(:first-child) { margin-left: 20px; }\n#mailpoet_form_3 .mailpoet_paragraph { line-height: 20px; margin-bottom: 20px; }\n#mailpoet_form_3 .mailpoet_segment_label, #mailpoet_form_3 .mailpoet_text_label, #mailpoet_form_3 .mailpoet_textarea_label, #mailpoet_form_3 .mailpoet_select_label, #mailpoet_form_3 .mailpoet_radio_label, #mailpoet_form_3 .mailpoet_checkbox_label, #mailpoet_form_3 .mailpoet_list_label, #mailpoet_form_3 .mailpoet_date_label { display: block; font-weight: normal; }\n#mailpoet_form_3 .mailpoet_text, #mailpoet_form_3 .mailpoet_textarea, #mailpoet_form_3 .mailpoet_select, #mailpoet_form_3 .mailpoet_date_month, #mailpoet_form_3 .mailpoet_date_day, #mailpoet_form_3 .mailpoet_date_year, #mailpoet_form_3 .mailpoet_date { display: block; }\n#mailpoet_form_3 .mailpoet_text, #mailpoet_form_3 .mailpoet_textarea { width: 200px; }\n#mailpoet_form_3 .mailpoet_checkbox {  }\n#mailpoet_form_3 .mailpoet_submit {  }\n#mailpoet_form_3 .mailpoet_divider {  }\n#mailpoet_form_3 .mailpoet_message {  }\n#mailpoet_form_3 .mailpoet_form_loading { width: 30px; text-align: center; line-height: normal; }\n#mailpoet_form_3 .mailpoet_form_loading > span { width: 5px; height: 5px; background-color: #5b5b5b; }#mailpoet_form_3{border-radius: 24px;background: linear-gradient(135deg,rgb(2,3,129) 0%,rgb(40,116,252) 100%);text-align: left;}#mailpoet_form_3 form.mailpoet_form {padding: 40px;}#mailpoet_form_3{width: 100%;}#mailpoet_form_3 .mailpoet_message {margin: 0; padding: 0 20px;}\n        #mailpoet_form_3 .mailpoet_validate_success {color: #00d084}\n        #mailpoet_form_3 input.parsley-success {color: #00d084}\n        #mailpoet_form_3 select.parsley-success {color: #00d084}\n        #mailpoet_form_3 textarea.parsley-success {color: #00d084}\n      \n        #mailpoet_form_3 .mailpoet_validate_error {color: #cf2e2e}\n        #mailpoet_form_3 input.parsley-error {color: #cf2e2e}\n        #mailpoet_form_3 select.parsley-error {color: #cf2e2e}\n        #mailpoet_form_3 textarea.textarea.parsley-error {color: #cf2e2e}\n        #mailpoet_form_3 .parsley-errors-list {color: #cf2e2e}\n        #mailpoet_form_3 .parsley-required {color: #cf2e2e}\n        #mailpoet_form_3 .parsley-custom-error-message {color: #cf2e2e}\n      #mailpoet_form_3 .mailpoet_paragraph.last {margin-bottom: 0} @media (max-width: 500px) {#mailpoet_form_3 {background: linear-gradient(135deg,rgb(2,3,129) 0%,rgb(40,116,252) 100%);}} @media (min-width: 500px) {#mailpoet_form_3 .last .mailpoet_paragraph:last-child {margin-bottom: 0}}  @media (max-width: 500px) {#mailpoet_form_3 .mailpoet_form_column:last-child .mailpoet_paragraph:last-child {margin-bottom: 0}} \n    <\/style>\n\n    <form\n      target=\"_self\"\n      method=\"post\"\n      action=\"https:\/\/academia.completei.es\/wp-admin\/admin-post.php?action=mailpoet_subscription_form\"\n      class=\"mailpoet_form mailpoet_form_form mailpoet_form_html\"\n      novalidate\n      data-delay=\"\"\n      data-exit-intent-enabled=\"\"\n      data-trigger-mode=\"\"\n      data-click-trigger-selector=\"\"\n      data-font-family=\"\"\n      data-cookie-expiration-time=\"\"\n    >\n      <input type=\"hidden\" name=\"data[form_id]\" value=\"3\" \/>\n      <input type=\"hidden\" name=\"token\" value=\"a51b133dfb\" \/>\n      <input type=\"hidden\" name=\"api_version\" value=\"v1\" \/>\n      <input type=\"hidden\" name=\"endpoint\" value=\"subscribers\" \/>\n      <input type=\"hidden\" name=\"mailpoet_method\" value=\"subscribe\" \/>\n\n      <label class=\"mailpoet_hp_email_label\" style=\"display: none !important;\">Por favor, deja este campo vac\u00edo<input type=\"email\" name=\"data[email]\"\/><\/label><h2 class=\"mailpoet-heading  mailpoet-has-font-size\" style=\"text-align: center; color: #ffffff; font-size: 50px; line-height: 1\">INSCRIBETE EN EL WEBINAR GRATUITO<\/h2>\n<p class=\"mailpoet_form_paragraph  mailpoet-has-font-size\" style=\"text-align: center; color: #ffffff; font-size: 20px; line-height: 1\">EN VIVO VIA ZOOM<br>Octubre 4 \u2013 8:00PM (Hora del Este)<\/p>\n<div class=\"mailpoet_paragraph \"><style>input[name=\"data[form_field_ODVkZTZkNGExYWIyX2ZpcnN0X25hbWU=]\"]::placeholder{color:#5b8ba7;opacity: 1;}<\/style><input type=\"text\" autocomplete=\"given-name\" class=\"mailpoet_text\" id=\"form_first_name_3\" name=\"data[form_field_ODVkZTZkNGExYWIyX2ZpcnN0X25hbWU=]\" title=\"NOMBRES\" value=\"\" style=\"width:100%;box-sizing:border-box;background-color:#ffffff;border-style:solid;border-radius:4px !important;border-width:0px;border-color:#313131;padding:12px;margin: 0 auto 0 0;font-family:&#039;Ubuntu&#039;;font-size:20px;line-height:1.5;height:auto;color:#5b8ba7;\" data-automation-id=\"form_first_name\"  placeholder=\"NOMBRES\" aria-label=\"NOMBRES\" data-parsley-errors-container=\".mailpoet_error_gmu9w\" data-parsley-names='[&quot;Por favor, especifica un nombre v\u00e1lido.&quot;,&quot;No est\u00e1n permitidas las direcciones en los nombres. Por favor, a\u00f1ade tu nombre en su lugar.&quot;]'\/><span class=\"mailpoet_error_gmu9w\"><\/span><\/div>\n<div class=\"mailpoet_paragraph \"><style>input[name=\"data[form_field_NDEwZmE5NzE0MTQ4X2xhc3RfbmFtZQ==]\"]::placeholder{color:#5b8ba7;opacity: 1;}<\/style><input type=\"text\" autocomplete=\"family-name\" class=\"mailpoet_text\" id=\"form_last_name_3\" name=\"data[form_field_NDEwZmE5NzE0MTQ4X2xhc3RfbmFtZQ==]\" title=\"APELLIDOS\" value=\"\" style=\"width:100%;box-sizing:border-box;background-color:#ffffff;border-style:solid;border-radius:4px !important;border-width:0px;border-color:#313131;padding:12px;margin: 0 auto 0 0;font-family:&#039;Ubuntu&#039;;font-size:20px;line-height:1.5;height:auto;color:#5b8ba7;\" data-automation-id=\"form_last_name\"  placeholder=\"APELLIDOS\" aria-label=\"APELLIDOS\" data-parsley-errors-container=\".mailpoet_error_gqhim\" data-parsley-names='[&quot;Por favor, especifica un nombre v\u00e1lido.&quot;,&quot;No est\u00e1n permitidas las direcciones en los nombres. Por favor, a\u00f1ade tu nombre en su lugar.&quot;]'\/><span class=\"mailpoet_error_gqhim\"><\/span><\/div>\n<div class=\"mailpoet_paragraph \"><style>input[name=\"data[form_field_ODQyNmFmYWMxYzU2X2VtYWls]\"]::placeholder{color:#5b8ba7;opacity: 1;}<\/style><input type=\"email\" autocomplete=\"email\" class=\"mailpoet_text\" id=\"form_email_3\" name=\"data[form_field_ODQyNmFmYWMxYzU2X2VtYWls]\" title=\"Direcci\u00f3n de correo electr\u00f3nico\" value=\"\" style=\"width:100%;box-sizing:border-box;background-color:#ffffff;border-style:solid;border-radius:4px !important;border-width:0px;border-color:#313131;padding:12px;margin: 0 auto 0 0;font-family:&#039;Ubuntu&#039;;font-size:20px;line-height:1.5;height:auto;color:#5b8ba7;\" data-automation-id=\"form_email\"  placeholder=\"Direcci\u00f3n de correo electr\u00f3nico *\" aria-label=\"Direcci\u00f3n de correo electr\u00f3nico *\" data-parsley-errors-container=\".mailpoet_error_1od0m\" data-parsley-required=\"true\" required aria-required=\"true\" data-parsley-minlength=\"6\" data-parsley-maxlength=\"150\" data-parsley-type-message=\"Este valor debe ser un correo electr\u00f3nico v\u00e1lido.\" data-parsley-required-message=\"Este campo es obligatorio.\"\/><span class=\"mailpoet_error_1od0m\"><\/span><\/div>\n<div class=\"mailpoet_paragraph \"><input type=\"text\" autocomplete=\"on\" class=\"mailpoet_text\" id=\"form_1_3\" name=\"data[cf_1]\" title=\"PAIS\" value=\"\" style=\"width:100%;box-sizing:border-box;padding:12px;margin: 0 auto 0 0;font-family:&#039;Ubuntu&#039;;font-size:20px;line-height:1.5;height:auto;\"   placeholder=\"PAIS *\" aria-label=\"PAIS *\" data-parsley-errors-container=\".mailpoet_error_18l3v\" data-parsley-required=\"true\" required aria-required=\"true\" data-parsley-required-message=\"Este campo es obligatorio.\"\/><span class=\"mailpoet_error_18l3v\"><\/span><\/div>\n<div class=\"mailpoet_paragraph \"><input type=\"submit\" class=\"mailpoet_submit\" value=\"INSCRIBIRME\" data-automation-id=\"subscribe-submit-button\" data-font-family='Ubuntu' style=\"width:100%;box-sizing:border-box;background-color:#0693e3;border-style:solid;border-radius:40px !important;border-width:0px;padding:12px;margin: 0 auto 0 0;font-family:&#039;Ubuntu&#039;;font-size:24px;line-height:1.5;height:auto;color:#ffffff;border-color:transparent;font-weight:bold;\" \/><span class=\"mailpoet_form_loading\"><span class=\"mailpoet_bounce1\"><\/span><span class=\"mailpoet_bounce2\"><\/span><span class=\"mailpoet_bounce3\"><\/span><\/span><\/div>\n<p class=\"mailpoet_form_paragraph  mailpoet-has-font-size\" style=\"text-align: center; color: #ffffff; font-size: 14px; line-height: 1.2\"><\/p>\n\n      <div class=\"mailpoet_message\">\n        <p class=\"mailpoet_validate_success\"\n                style=\"display:none;\"\n                >Revisa tu bandeja de entrada o la carpeta de spam para confirmar tu suscripci\u00f3n.\n        <\/p>\n        <p class=\"mailpoet_validate_error\"\n                style=\"display:none;\"\n                >        <\/p>\n      <\/div>\n    <\/form>\n\n      <\/div>\n\n  <\/div><\/div>\n\n\n\n<div id=\"contact\" class=\"wp-block-uagb-container uagb-block-e6986976 alignfull uagb-is-root-container\"><div class=\"uagb-container__shape uagb-container__shape-bottom uagb-container__invert\" data-negative=\"false\"><svg xmlns=\"https:\/\/www.w3.org\/2000\/svg\" viewBox=\"0 0 937.5 120\" preserveAspectRatio=\"none\"><path class=\"uagb-container__shape-fill\" d=\"M937,129.8V-0.1H0v129.9C0,62.6,209.6,8.2,468.4,8.2S936.9,62.6,937,129.8z\"><\/path><\/svg><\/div><div class=\"uagb-container-inner-blocks-wrap\">\n<div class=\"wp-block-uagb-info-box uagb-block-fe23d686 uagb-infobox__content-wrap  uagb-infobox-icon-above-title uagb-infobox-image-valign-top wp-block-uagb-info-box--has-margin\"><div class=\"uagb-infobox-margin-wrapper\"><div class=\"uagb-ifb-content\"><div class=\"uagb-ifb-title-wrap\"><h2 class=\"uagb-ifb-title-prefix\"><strong>RECUERDA<\/strong><\/h2><h6 class=\"uagb-ifb-title\">VIERNES &#8211; OCTUBRE 4 <br>8:00 PM (Hora del Este)<\/h6><\/div><\/div><\/div><\/div>\n\n\n\n<div class=\"wp-block-uagb-info-box uagb-block-7932c3a5 uagb-infobox__content-wrap  uagb-infobox-icon-above-title uagb-infobox-image-valign-top wp-block-uagb-info-box--has-margin\"><div class=\"uagb-infobox-margin-wrapper\"><div class=\"uagb-ifb-content\"><div class=\"uagb-ifb-title-wrap\"><h2 class=\"uagb-ifb-title-prefix\">\u00bfC\u00f3mo convierto la zona horaria para tu pa\u00eds?<\/h2><h6 class=\"uagb-ifb-title\">Nosotros usaremos 8:00 pm hora del Este en Estados Unidos. (Eastern Est\u00e1ndar Time)<br>Te invitamos a visitar este enlace para convertir la zona horaria desde donde te<br>conectaras.<\/h6><\/div><div class=\"uagb-ifb-button-wrapper wp-block-button\"><a href=\"https:\/\/24timezones.com\/es\/difference\" class=\"uagb-infobox-cta-link wp-block-button__link\" target=\"_self\" rel=\"noopener noreferrer\" onclick=\"return true;\"><svg xmlns=\"https:\/\/www.w3.org\/2000\/svg\" viewBox=\"0 0 384 512\"><path d=\"M168.3 499.2C116.1 435 0 279.4 0 192C0 85.96 85.96 0 192 0C298 0 384 85.96 384 192C384 279.4 267 435 215.7 499.2C203.4 514.5 180.6 514.5 168.3 499.2H168.3zM192 256C227.3 256 256 227.3 256 192C256 156.7 227.3 128 192 128C156.7 128 128 156.7 128 192C128 227.3 156.7 256 192 256z\"><\/path><\/svg><span class=\"uagb-inline-editing\">VER ZONA HORARIA<\/span><\/a><\/div><\/div><\/div><\/div>\n<\/div><\/div>\n\n\n\n<p><\/p>\n","protected":false},"excerpt":{"rendered":"<p>\u00daNETE Te invito a esta clase maestra gratuita para que descubras como optimizar el potencial que hay en ti en el juego de la vida y adquieras herramientas para construir una vida de \u00e9xito total. Adem\u00e1s, te estaremos dando de REGALO la suscripci\u00f3n a nuestra Jornada de Mejoramiento Continuo en nuestra academia online.<\/p>\n","protected":false},"author":1,"featured_media":0,"parent":0,"menu_order":0,"comment_status":"closed","ping_status":"closed","template":"","meta":{"om_disable_all_campaigns":false,"_uag_custom_page_level_css":"","_monsterinsights_skip_tracking":false,"_monsterinsights_sitenote_active":false,"_monsterinsights_sitenote_note":"","_monsterinsights_sitenote_category":0,"site-sidebar-layout":"default","site-content-layout":"","ast-site-content-layout":"default","site-content-style":"default","site-sidebar-style":"default","ast-global-header-display":"","ast-banner-title-visibility":"","ast-main-header-display":"","ast-hfb-above-header-display":"","ast-hfb-below-header-display":"","ast-hfb-mobile-header-display":"","site-post-title":"disabled","ast-breadcrumbs-content":"","ast-featured-img":"","footer-sml-layout":"","theme-transparent-header-meta":"","adv-header-id-meta":"","stick-header-meta":"","header-above-stick-meta":"","header-main-stick-meta":"","header-below-stick-meta":"","astra-migrate-meta-layouts":"set","ast-page-background-enabled":"default","ast-page-background-meta":{"desktop":{"background-color":"","background-image":"","background-repeat":"repeat","background-position":"center center","background-size":"auto","background-attachment":"scroll","background-type":"","background-media":"","overlay-type":"","overlay-color":"","overlay-opacity":"","overlay-gradient":""},"tablet":{"background-color":"","background-image":"","background-repeat":"repeat","background-position":"center center","background-size":"auto","background-attachment":"scroll","background-type":"","background-media":"","overlay-type":"","overlay-color":"","overlay-opacity":"","overlay-gradient":""},"mobile":{"background-color":"","background-image":"","background-repeat":"repeat","background-position":"center center","background-size":"auto","background-attachment":"scroll","background-type":"","background-media":"","overlay-type":"","overlay-color":"","overlay-opacity":"","overlay-gradient":""}},"ast-content-background-meta":{"desktop":{"background-color":"var(--ast-global-color-5)","background-image":"","background-repeat":"repeat","background-position":"center center","background-size":"auto","background-attachment":"scroll","background-type":"","background-media":"","overlay-type":"","overlay-color":"","overlay-opacity":"","overlay-gradient":""},"tablet":{"background-color":"var(--ast-global-color-5)","background-image":"","background-repeat":"repeat","background-position":"center center","background-size":"auto","background-attachment":"scroll","background-type":"","background-media":"","overlay-type":"","overlay-color":"","overlay-opacity":"","overlay-gradient":""},"mobile":{"background-color":"var(--ast-global-color-5)","background-image":"","background-repeat":"repeat","background-position":"center center","background-size":"auto","background-attachment":"scroll","background-type":"","background-media":"","overlay-type":"","overlay-color":"","overlay-opacity":"","overlay-gradient":""}},"footnotes":""},"class_list":["post-26784","page","type-page","status-publish","hentry"],"aioseo_notices":[],"_hostinger_reach_plugin_has_subscription_block":false,"_hostinger_reach_plugin_is_elementor":false,"uagb_featured_image_src":{"full":false,"thumbnail":false,"medium":false,"medium_large":false,"large":false,"1536x1536":false,"2048x2048":false,"mailpoet_newsletter_max":false},"uagb_author_info":{"display_name":"soporte","author_link":"https:\/\/academia.completei.es\/index.php\/author\/soporte\/"},"uagb_comment_info":0,"uagb_excerpt":"\u00daNETE Te invito a esta clase maestra gratuita para que descubras como optimizar el potencial que hay en ti en el juego de la vida y adquieras herramientas para construir una vida de \u00e9xito total. Adem\u00e1s, te estaremos dando de REGALO la suscripci\u00f3n a nuestra Jornada de Mejoramiento Continuo en nuestra academia online.","_links":{"self":[{"href":"https:\/\/academia.completei.es\/index.php\/wp-json\/wp\/v2\/pages\/26784","targetHints":{"allow":["GET"]}}],"collection":[{"href":"https:\/\/academia.completei.es\/index.php\/wp-json\/wp\/v2\/pages"}],"about":[{"href":"https:\/\/academia.completei.es\/index.php\/wp-json\/wp\/v2\/types\/page"}],"author":[{"embeddable":true,"href":"https:\/\/academia.completei.es\/index.php\/wp-json\/wp\/v2\/users\/1"}],"replies":[{"embeddable":true,"href":"https:\/\/academia.completei.es\/index.php\/wp-json\/wp\/v2\/comments?post=26784"}],"version-history":[{"count":10,"href":"https:\/\/academia.completei.es\/index.php\/wp-json\/wp\/v2\/pages\/26784\/revisions"}],"predecessor-version":[{"id":26834,"href":"https:\/\/academia.completei.es\/index.php\/wp-json\/wp\/v2\/pages\/26784\/revisions\/26834"}],"wp:attachment":[{"href":"https:\/\/academia.completei.es\/index.php\/wp-json\/wp\/v2\/media?parent=26784"}],"curies":[{"name":"wp","href":"https:\/\/api.w.org\/{rel}","templated":true}]}}