{"id":26695,"date":"2024-08-01T18:56:52","date_gmt":"2024-08-01T22:56:52","guid":{"rendered":"https:\/\/academia.completei.es\/?page_id=26695"},"modified":"2024-08-01T19:01:07","modified_gmt":"2024-08-01T23:01:07","slug":"alejandra-moreno","status":"publish","type":"page","link":"https:\/\/academia.completei.es\/index.php\/alejandra-moreno\/","title":{"rendered":"Alejandra Moreno"},"content":{"rendered":"\t\t<div data-elementor-type=\"wp-page\" data-elementor-id=\"26695\" class=\"elementor elementor-26695\">\n\t\t\t\t\t\t<section class=\"elementor-section elementor-top-section elementor-element elementor-element-1e04fe9 elementor-section-boxed elementor-section-height-default elementor-section-height-default\" data-id=\"1e04fe9\" data-element_type=\"section\" data-e-type=\"section\" data-settings=\"{&quot;background_background&quot;:&quot;classic&quot;}\">\n\t\t\t\t\t\t\t<div class=\"elementor-background-overlay\"><\/div>\n\t\t\t\t\t\t\t<div class=\"elementor-container elementor-column-gap-default\">\n\t\t\t\t\t<div class=\"elementor-column elementor-col-100 elementor-top-column elementor-element elementor-element-6e66506\" data-id=\"6e66506\" data-element_type=\"column\" data-e-type=\"column\">\n\t\t\t<div class=\"elementor-widget-wrap elementor-element-populated\">\n\t\t\t\t\t\t<div class=\"elementor-element elementor-element-6938183 elementor-widget elementor-widget-heading\" data-id=\"6938183\" data-element_type=\"widget\" data-e-type=\"widget\" data-widget_type=\"heading.default\">\n\t\t\t\t<div class=\"elementor-widget-container\">\n\t\t\t\t\t<h1 class=\"elementor-heading-title elementor-size-default\">NUESTROS GUIAS EXPERTOS<\/h1>\t\t\t\t<\/div>\n\t\t\t\t<\/div>\n\t\t\t\t\t<\/div>\n\t\t<\/div>\n\t\t\t\t\t<\/div>\n\t\t<\/section>\n\t\t\t\t<section class=\"elementor-section elementor-top-section elementor-element elementor-element-11b070f elementor-section-boxed elementor-section-height-default elementor-section-height-default\" data-id=\"11b070f\" data-element_type=\"section\" data-e-type=\"section\" data-settings=\"{&quot;background_background&quot;:&quot;classic&quot;}\">\n\t\t\t\t\t\t<div class=\"elementor-container elementor-column-gap-no\">\n\t\t\t\t\t<div class=\"elementor-column elementor-col-33 elementor-top-column elementor-element elementor-element-2f937e8\" data-id=\"2f937e8\" data-element_type=\"column\" data-e-type=\"column\" data-settings=\"{&quot;background_background&quot;:&quot;classic&quot;}\">\n\t\t\t<div class=\"elementor-widget-wrap elementor-element-populated\">\n\t\t\t\t\t\t<div class=\"elementor-element elementor-element-cd4e31e elementor-widget__width-initial elementor-widget elementor-widget-image\" data-id=\"cd4e31e\" data-element_type=\"widget\" data-e-type=\"widget\" data-widget_type=\"image.default\">\n\t\t\t\t<div class=\"elementor-widget-container\">\n\t\t\t\t\t\t\t\t\t\t\t\t\t\t\t<img decoding=\"async\" src=\"https:\/\/academia.completei.es\/wp-content\/uploads\/2024\/01\/alejandra.jpg\" title=\"alejandra\" alt=\"alejandra\" loading=\"lazy\" \/>\t\t\t\t\t\t\t\t\t\t\t\t\t\t\t<\/div>\n\t\t\t\t<\/div>\n\t\t\t\t<div class=\"elementor-element elementor-element-6b07663 elementor-widget elementor-widget-text-editor\" data-id=\"6b07663\" data-element_type=\"widget\" data-e-type=\"widget\" data-widget_type=\"text-editor.default\">\n\t\t\t\t<div class=\"elementor-widget-container\">\n\t\t\t\t\t\t\t\t\t<h4 data-elementor-setting-key=\"title\" data-pen-placeholder=\"Teclea aqu\u00ed...\"><b>Temas:<\/b><\/h4><ul><li aria-level=\"1\"><p style=\"font-size: 16px; font-style: normal; font-weight: 400;\">Tengo experiencia en temas para la mujer, la pareja, la inspiraci\u00f3n, la familia, comunicaci\u00f3n y\u00a0 juventudes. Adapto cada presentaci\u00f3n a las necesidades de mi audiencia espec\u00edfica, y siempre doy pasos pr\u00e1cticos para que vivan lo que aprenden.<\/p><\/li><\/ul>\t\t\t\t\t\t\t\t<\/div>\n\t\t\t\t<\/div>\n\t\t\t\t\t<\/div>\n\t\t<\/div>\n\t\t\t\t<div class=\"elementor-column elementor-col-33 elementor-top-column elementor-element elementor-element-1f22c39\" data-id=\"1f22c39\" data-element_type=\"column\" data-e-type=\"column\">\n\t\t\t<div class=\"elementor-widget-wrap elementor-element-populated\">\n\t\t\t\t\t\t<div class=\"elementor-element elementor-element-184bcad elementor-widget elementor-widget-text-editor\" data-id=\"184bcad\" data-element_type=\"widget\" data-e-type=\"widget\" data-widget_type=\"text-editor.default\">\n\t\t\t\t<div class=\"elementor-widget-container\">\n\t\t\t\t\t\t\t\t\t<h2 style=\"padding-left: 40px; text-align: center;\"><span style=\"color: #000080;\">Alejandra Moreno<\/span><\/h2><h3 style=\"padding-left: 40px; text-align: center;\">Gu\u00eda Comunicaciones<\/h3>\t\t\t\t\t\t\t\t<\/div>\n\t\t\t\t<\/div>\n\t\t\t\t<div class=\"elementor-element elementor-element-636054c elementor-widget-divider--view-line elementor-widget elementor-widget-divider\" data-id=\"636054c\" data-element_type=\"widget\" data-e-type=\"widget\" data-widget_type=\"divider.default\">\n\t\t\t\t<div class=\"elementor-widget-container\">\n\t\t\t\t\t\t\t<div class=\"elementor-divider\">\n\t\t\t<span class=\"elementor-divider-separator\">\n\t\t\t\t\t\t<\/span>\n\t\t<\/div>\n\t\t\t\t\t\t<\/div>\n\t\t\t\t<\/div>\n\t\t\t\t<div class=\"elementor-element elementor-element-3ea7a76 elementor-widget elementor-widget-text-editor\" data-id=\"3ea7a76\" data-element_type=\"widget\" data-e-type=\"widget\" data-widget_type=\"text-editor.default\">\n\t\t\t\t<div class=\"elementor-widget-container\">\n\t\t\t\t\t\t\t\t\t<h4><b style=\"color: var(--ast-global-color-2); font-size: 1.125rem; font-style: inherit; background-color: var( --e-global-color-astglobalcolor5 );\">Experiencia en:<\/b><\/h4>\n<ul>\n \t<li style=\"font-weight: 400;\" aria-level=\"1\"><span style=\";\">Comunicadora Social de profesi\u00f3n, oradora internacional en temas de la mujer, familia, e inspiraci\u00f3n. Trabaje en el pastoreo por m\u00e1s de 15 a\u00f1os desarrollando mi ministerio en Chile y Norte Am\u00e9rica. He implementado en mi labor el desarrollo integral del individuo inspirando diferentes n\u00facleos de la sociedad potencial.<\/span><\/li>\n<\/ul>\t\t\t\t\t\t\t\t<\/div>\n\t\t\t\t<\/div>\n\t\t\t\t\t<\/div>\n\t\t<\/div>\n\t\t\t\t<div class=\"elementor-column elementor-col-33 elementor-top-column elementor-element elementor-element-a49daa9\" data-id=\"a49daa9\" data-element_type=\"column\" data-e-type=\"column\">\n\t\t\t<div class=\"elementor-widget-wrap elementor-element-populated\">\n\t\t\t\t\t\t<div class=\"elementor-element elementor-element-391f3c9 elementor-widget elementor-widget-heading\" data-id=\"391f3c9\" data-element_type=\"widget\" data-e-type=\"widget\" data-widget_type=\"heading.default\">\n\t\t\t\t<div class=\"elementor-widget-container\">\n\t\t\t\t\t<h2 class=\"elementor-heading-title elementor-size-default\">Biograf\u00eda <\/h2>\t\t\t\t<\/div>\n\t\t\t\t<\/div>\n\t\t\t\t<div class=\"elementor-element elementor-element-46d019b elementor-widget-divider--view-line elementor-widget elementor-widget-divider\" data-id=\"46d019b\" data-element_type=\"widget\" data-e-type=\"widget\" data-widget_type=\"divider.default\">\n\t\t\t\t<div class=\"elementor-widget-container\">\n\t\t\t\t\t\t\t<div class=\"elementor-divider\">\n\t\t\t<span class=\"elementor-divider-separator\">\n\t\t\t\t\t\t<\/span>\n\t\t<\/div>\n\t\t\t\t\t\t<\/div>\n\t\t\t\t<\/div>\n\t\t\t\t<div class=\"elementor-element elementor-element-7259dc1 elementor-widget elementor-widget-text-editor\" data-id=\"7259dc1\" data-element_type=\"widget\" data-e-type=\"widget\" data-widget_type=\"text-editor.default\">\n\t\t\t\t<div class=\"elementor-widget-container\">\n\t\t\t\t\t\t\t\t\tComo madre de dos adolescentes, he hecho de mi salud, estado f\u00edsico, mental y espiritual\u00a0 una prioridad mientras mi esposo y yo formamos una familia solida e integral. Hemos logrado iniciar una plataforma a trav\u00e9s de Complete International para fomentar el Crecimiento Personal y el Liderazgo.\nHe sido bendecida en mi vida y por ello me esfuerzo para poder transferir esas bendiciones a otras personas.\nCreo que:\n\u201cLa base de la estabilidad emocional es la Fe en Jesucristo; la cual ha Inspirado mi vida y me permite ayudar y ser ejemplo a muchas personas\u201d<a style=\"transition-property: all;\" href=\"mailto:amoreno@completei.org\">amoreno@completei.org<\/a><\/p>\t\t\t\t\t\t\t\t<\/div>\n\t\t\t\t<\/div>\n\t\t\t\t<div class=\"elementor-element elementor-element-8ac7ea3 elementor-align-start elementor-hidden-tablet elementor-hidden-phone elementor-icon-list--layout-inline elementor-list-item-link-full_width elementor-widget elementor-widget-icon-list\" data-id=\"8ac7ea3\" data-element_type=\"widget\" data-e-type=\"widget\" data-widget_type=\"icon-list.default\">\n\t\t\t\t<div class=\"elementor-widget-container\">\n\t\t\t\t\t\t\t<ul class=\"elementor-icon-list-items elementor-inline-items\">\n\t\t\t\t\t\t\t<li class=\"elementor-icon-list-item elementor-inline-item\">\n\t\t\t\t\t\t\t\t\t\t\t<a href=\"https:\/\/www.facebook.com\/carlosandresariasb\">\n\n\t\t\t\t\t\t\t\t\t\t\t\t<span class=\"elementor-icon-list-icon\">\n\t\t\t\t\t\t\t<i aria-hidden=\"true\" class=\"fab fa-facebook\"><\/i>\t\t\t\t\t\t<\/span>\n\t\t\t\t\t\t\t\t\t\t<span class=\"elementor-icon-list-text\"><\/span>\n\t\t\t\t\t\t\t\t\t\t\t<\/a>\n\t\t\t\t\t\t\t\t\t<\/li>\n\t\t\t\t\t\t\t\t<li class=\"elementor-icon-list-item elementor-inline-item\">\n\t\t\t\t\t\t\t\t\t\t\t<a href=\"https:\/\/www.instagram.com\/carlosandresariasb\/\">\n\n\t\t\t\t\t\t\t\t\t\t\t\t<span class=\"elementor-icon-list-icon\">\n\t\t\t\t\t\t\t<i aria-hidden=\"true\" class=\"fab fa-instagram\"><\/i>\t\t\t\t\t\t<\/span>\n\t\t\t\t\t\t\t\t\t\t<span class=\"elementor-icon-list-text\"><\/span>\n\t\t\t\t\t\t\t\t\t\t\t<\/a>\n\t\t\t\t\t\t\t\t\t<\/li>\n\t\t\t\t\t\t\t\t<li class=\"elementor-icon-list-item elementor-inline-item\">\n\t\t\t\t\t\t\t\t\t\t\t<a href=\"https:\/\/www.tiktok.com\/@carlosandresariasb20\">\n\n\t\t\t\t\t\t\t\t\t\t\t\t<span class=\"elementor-icon-list-icon\">\n\t\t\t\t\t\t\t<i aria-hidden=\"true\" class=\"fab fa-tiktok\"><\/i>\t\t\t\t\t\t<\/span>\n\t\t\t\t\t\t\t\t\t\t<span class=\"elementor-icon-list-text\"><\/span>\n\t\t\t\t\t\t\t\t\t\t\t<\/a>\n\t\t\t\t\t\t\t\t\t<\/li>\n\t\t\t\t\t\t<\/ul>\n\t\t\t\t\t\t<\/div>\n\t\t\t\t<\/div>\n\t\t\t\t\t<\/div>\n\t\t<\/div>\n\t\t\t\t\t<\/div>\n\t\t<\/section>\n\t\t\t\t<\/div>\n\t\t","protected":false},"excerpt":{"rendered":"<p>NUESTROS GUIAS EXPERTOS Temas: Tengo experiencia en temas para la mujer, la pareja, la inspiraci\u00f3n, la familia, comunicaci\u00f3n y\u00a0 juventudes. Adapto cada presentaci\u00f3n a las necesidades de mi audiencia espec\u00edfica, y siempre doy pasos pr\u00e1cticos para que vivan lo que aprenden. Alejandra Moreno Gu\u00eda Comunicaciones Experiencia en: Comunicadora Social de profesi\u00f3n, oradora internacional en temas [&hellip;]<\/p>\n","protected":false},"author":1,"featured_media":0,"parent":0,"menu_order":0,"comment_status":"closed","ping_status":"closed","template":"","meta":{"om_disable_all_campaigns":false,"_uag_custom_page_level_css":"","_monsterinsights_skip_tracking":false,"_monsterinsights_sitenote_active":false,"_monsterinsights_sitenote_note":"","_monsterinsights_sitenote_category":0,"site-sidebar-layout":"no-sidebar","site-content-layout":"page-builder","ast-site-content-layout":"full-width-container","site-content-style":"default","site-sidebar-style":"default","ast-global-header-display":"","ast-banner-title-visibility":"","ast-main-header-display":"","ast-hfb-above-header-display":"","ast-hfb-below-header-display":"","ast-hfb-mobile-header-display":"","site-post-title":"disabled","ast-breadcrumbs-content":"","ast-featured-img":"disabled","footer-sml-layout":"","theme-transparent-header-meta":"","adv-header-id-meta":"","stick-header-meta":"","header-above-stick-meta":"","header-main-stick-meta":"","header-below-stick-meta":"","astra-migrate-meta-layouts":"set","ast-page-background-enabled":"default","ast-page-background-meta":{"desktop":{"background-color":"","background-image":"","background-repeat":"repeat","background-position":"center center","background-size":"auto","background-attachment":"scroll","background-type":"","background-media":"","overlay-type":"","overlay-color":"","overlay-opacity":"","overlay-gradient":""},"tablet":{"background-color":"","background-image":"","background-repeat":"repeat","background-position":"center center","background-size":"auto","background-attachment":"scroll","background-type":"","background-media":"","overlay-type":"","overlay-color":"","overlay-opacity":"","overlay-gradient":""},"mobile":{"background-color":"","background-image":"","background-repeat":"repeat","background-position":"center center","background-size":"auto","background-attachment":"scroll","background-type":"","background-media":"","overlay-type":"","overlay-color":"","overlay-opacity":"","overlay-gradient":""}},"ast-content-background-meta":{"desktop":{"background-color":"var(--ast-global-color-5)","background-image":"","background-repeat":"repeat","background-position":"center center","background-size":"auto","background-attachment":"scroll","background-type":"","background-media":"","overlay-type":"","overlay-color":"","overlay-opacity":"","overlay-gradient":""},"tablet":{"background-color":"var(--ast-global-color-5)","background-image":"","background-repeat":"repeat","background-position":"center center","background-size":"auto","background-attachment":"scroll","background-type":"","background-media":"","overlay-type":"","overlay-color":"","overlay-opacity":"","overlay-gradient":""},"mobile":{"background-color":"var(--ast-global-color-5)","background-image":"","background-repeat":"repeat","background-position":"center center","background-size":"auto","background-attachment":"scroll","background-type":"","background-media":"","overlay-type":"","overlay-color":"","overlay-opacity":"","overlay-gradient":""}},"footnotes":""},"class_list":["post-26695","page","type-page","status-publish","hentry"],"aioseo_notices":[],"_hostinger_reach_plugin_has_subscription_block":false,"_hostinger_reach_plugin_is_elementor":false,"uagb_featured_image_src":{"full":false,"thumbnail":false,"medium":false,"medium_large":false,"large":false,"1536x1536":false,"2048x2048":false,"mailpoet_newsletter_max":false},"uagb_author_info":{"display_name":"soporte","author_link":"https:\/\/academia.completei.es\/index.php\/author\/soporte\/"},"uagb_comment_info":0,"uagb_excerpt":"NUESTROS GUIAS EXPERTOS Temas: Tengo experiencia en temas para la mujer, la pareja, la inspiraci\u00f3n, la familia, comunicaci\u00f3n y\u00a0 juventudes. Adapto cada presentaci\u00f3n a las necesidades de mi audiencia espec\u00edfica, y siempre doy pasos pr\u00e1cticos para que vivan lo que aprenden. Alejandra Moreno Gu\u00eda Comunicaciones Experiencia en: Comunicadora Social de profesi\u00f3n, oradora internacional en temas&hellip;","_links":{"self":[{"href":"https:\/\/academia.completei.es\/index.php\/wp-json\/wp\/v2\/pages\/26695","targetHints":{"allow":["GET"]}}],"collection":[{"href":"https:\/\/academia.completei.es\/index.php\/wp-json\/wp\/v2\/pages"}],"about":[{"href":"https:\/\/academia.completei.es\/index.php\/wp-json\/wp\/v2\/types\/page"}],"author":[{"embeddable":true,"href":"https:\/\/academia.completei.es\/index.php\/wp-json\/wp\/v2\/users\/1"}],"replies":[{"embeddable":true,"href":"https:\/\/academia.completei.es\/index.php\/wp-json\/wp\/v2\/comments?post=26695"}],"version-history":[{"count":4,"href":"https:\/\/academia.completei.es\/index.php\/wp-json\/wp\/v2\/pages\/26695\/revisions"}],"predecessor-version":[{"id":26699,"href":"https:\/\/academia.completei.es\/index.php\/wp-json\/wp\/v2\/pages\/26695\/revisions\/26699"}],"wp:attachment":[{"href":"https:\/\/academia.completei.es\/index.php\/wp-json\/wp\/v2\/media?parent=26695"}],"curies":[{"name":"wp","href":"https:\/\/api.w.org\/{rel}","templated":true}]}}