{"id":26679,"date":"2024-07-29T12:51:32","date_gmt":"2024-07-29T16:51:32","guid":{"rendered":"https:\/\/academia.completei.es\/?page_id=26679"},"modified":"2024-08-01T19:05:53","modified_gmt":"2024-08-01T23:05:53","slug":"carlos-andres-arias-b","status":"publish","type":"page","link":"https:\/\/academia.completei.es\/index.php\/carlos-andres-arias-b\/","title":{"rendered":"Carlos Andr\u00e9s Arias B."},"content":{"rendered":"\t\t<div data-elementor-type=\"wp-page\" data-elementor-id=\"26679\" class=\"elementor elementor-26679\">\n\t\t\t\t\t\t<section class=\"elementor-section elementor-top-section elementor-element elementor-element-1e04fe9 elementor-section-boxed elementor-section-height-default elementor-section-height-default\" data-id=\"1e04fe9\" data-element_type=\"section\" data-e-type=\"section\" data-settings=\"{&quot;background_background&quot;:&quot;classic&quot;}\">\n\t\t\t\t\t\t\t<div class=\"elementor-background-overlay\"><\/div>\n\t\t\t\t\t\t\t<div class=\"elementor-container elementor-column-gap-default\">\n\t\t\t\t\t<div class=\"elementor-column elementor-col-100 elementor-top-column elementor-element elementor-element-6e66506\" data-id=\"6e66506\" data-element_type=\"column\" data-e-type=\"column\">\n\t\t\t<div class=\"elementor-widget-wrap elementor-element-populated\">\n\t\t\t\t\t\t<div class=\"elementor-element elementor-element-6938183 elementor-widget elementor-widget-heading\" data-id=\"6938183\" data-element_type=\"widget\" data-e-type=\"widget\" data-widget_type=\"heading.default\">\n\t\t\t\t<div class=\"elementor-widget-container\">\n\t\t\t\t\t<h1 class=\"elementor-heading-title elementor-size-default\">NUESTROS GUIAS EXPERTOS<\/h1>\t\t\t\t<\/div>\n\t\t\t\t<\/div>\n\t\t\t\t\t<\/div>\n\t\t<\/div>\n\t\t\t\t\t<\/div>\n\t\t<\/section>\n\t\t\t\t<section class=\"elementor-section elementor-top-section elementor-element elementor-element-11b070f elementor-section-boxed elementor-section-height-default elementor-section-height-default\" data-id=\"11b070f\" data-element_type=\"section\" data-e-type=\"section\" data-settings=\"{&quot;background_background&quot;:&quot;classic&quot;}\">\n\t\t\t\t\t\t<div class=\"elementor-container elementor-column-gap-no\">\n\t\t\t\t\t<div class=\"elementor-column elementor-col-33 elementor-top-column elementor-element elementor-element-2f937e8\" data-id=\"2f937e8\" data-element_type=\"column\" data-e-type=\"column\" data-settings=\"{&quot;background_background&quot;:&quot;classic&quot;}\">\n\t\t\t<div class=\"elementor-widget-wrap elementor-element-populated\">\n\t\t\t\t\t\t<div class=\"elementor-element elementor-element-cd4e31e elementor-widget elementor-widget-image\" data-id=\"cd4e31e\" data-element_type=\"widget\" data-e-type=\"widget\" data-widget_type=\"image.default\">\n\t\t\t\t<div class=\"elementor-widget-container\">\n\t\t\t\t\t\t\t\t\t\t\t\t\t\t\t<img fetchpriority=\"high\" decoding=\"async\" width=\"342\" height=\"471\" src=\"https:\/\/academia.completei.es\/wp-content\/uploads\/2024\/07\/ANDRES.png\" class=\"attachment-full size-full wp-image-26683\" alt=\"\" srcset=\"https:\/\/academia.completei.es\/wp-content\/uploads\/2024\/07\/ANDRES.png 342w, https:\/\/academia.completei.es\/wp-content\/uploads\/2024\/07\/ANDRES-218x300.png 218w\" sizes=\"(max-width: 342px) 100vw, 342px\" \/>\t\t\t\t\t\t\t\t\t\t\t\t\t\t\t<\/div>\n\t\t\t\t<\/div>\n\t\t\t\t<div class=\"elementor-element elementor-element-b9a982b elementor-widget elementor-widget-image-gallery\" data-id=\"b9a982b\" data-element_type=\"widget\" data-e-type=\"widget\" data-widget_type=\"image-gallery.default\">\n\t\t\t\t<div class=\"elementor-widget-container\">\n\t\t\t\t\t\t\t<div class=\"elementor-image-gallery\">\n\t\t\t<div id='gallery-1' class='gallery galleryid-26679 gallery-columns-2 gallery-size-full'><figure class='gallery-item'>\n\t\t\t<div class='gallery-icon landscape'>\n\t\t\t\t<img decoding=\"async\" width=\"1500\" height=\"1500\" src=\"https:\/\/academia.completei.es\/wp-content\/uploads\/2024\/07\/DISC.png\" class=\"attachment-full size-full\" alt=\"\" srcset=\"https:\/\/academia.completei.es\/wp-content\/uploads\/2024\/07\/DISC.png 1500w, https:\/\/academia.completei.es\/wp-content\/uploads\/2024\/07\/DISC-300x300.png 300w, https:\/\/academia.completei.es\/wp-content\/uploads\/2024\/07\/DISC-1024x1024.png 1024w, https:\/\/academia.completei.es\/wp-content\/uploads\/2024\/07\/DISC-150x150.png 150w, https:\/\/academia.completei.es\/wp-content\/uploads\/2024\/07\/DISC-768x768.png 768w, https:\/\/academia.completei.es\/wp-content\/uploads\/2024\/07\/DISC-1320x1320.png 1320w\" sizes=\"(max-width: 1500px) 100vw, 1500px\" \/>\n\t\t\t<\/div><\/figure><figure class='gallery-item'>\n\t\t\t<div class='gallery-icon landscape'>\n\t\t\t\t<img decoding=\"async\" width=\"1500\" height=\"1500\" src=\"https:\/\/academia.completei.es\/wp-content\/uploads\/2024\/07\/MLCT-member-seal.png\" class=\"attachment-full size-full\" alt=\"\" srcset=\"https:\/\/academia.completei.es\/wp-content\/uploads\/2024\/07\/MLCT-member-seal.png 1500w, https:\/\/academia.completei.es\/wp-content\/uploads\/2024\/07\/MLCT-member-seal-300x300.png 300w, https:\/\/academia.completei.es\/wp-content\/uploads\/2024\/07\/MLCT-member-seal-1024x1024.png 1024w, https:\/\/academia.completei.es\/wp-content\/uploads\/2024\/07\/MLCT-member-seal-150x150.png 150w, https:\/\/academia.completei.es\/wp-content\/uploads\/2024\/07\/MLCT-member-seal-768x768.png 768w, https:\/\/academia.completei.es\/wp-content\/uploads\/2024\/07\/MLCT-member-seal-1320x1320.png 1320w\" sizes=\"(max-width: 1500px) 100vw, 1500px\" \/>\n\t\t\t<\/div><\/figure>\n\t\t<\/div>\n\t\t<\/div>\n\t\t\t\t\t\t<\/div>\n\t\t\t\t<\/div>\n\t\t\t\t<div class=\"elementor-element elementor-element-6b07663 elementor-widget elementor-widget-text-editor\" data-id=\"6b07663\" data-element_type=\"widget\" data-e-type=\"widget\" data-widget_type=\"text-editor.default\">\n\t\t\t\t<div class=\"elementor-widget-container\">\n\t\t\t\t\t\t\t\t\t<h4 class=\"elementor-heading-title elementor-size-default elementor-inline-editing pen\" data-elementor-setting-key=\"title\" data-pen-placeholder=\"Teclea aqu\u00ed...\"><strong>Credenciales:<\/strong><\/h4><ul><li aria-level=\"1\">Graduado en Ciencias Pol\u00edticas y Relaciones Internacionales de la Universidad de Nebraska, Kearney.<\/li><li aria-level=\"1\">Orador, entrenador, mentor y maestro del equipo Internacional Maxwell Leadership.\u00a0<\/li><li aria-level=\"1\">Certificado en Disciplina Positiva.<\/li><li aria-level=\"1\">Autor<\/li><\/ul>\t\t\t\t\t\t\t\t<\/div>\n\t\t\t\t<\/div>\n\t\t\t\t\t<\/div>\n\t\t<\/div>\n\t\t\t\t<div class=\"elementor-column elementor-col-33 elementor-top-column elementor-element elementor-element-1f22c39\" data-id=\"1f22c39\" data-element_type=\"column\" data-e-type=\"column\">\n\t\t\t<div class=\"elementor-widget-wrap elementor-element-populated\">\n\t\t\t\t\t\t<div class=\"elementor-element elementor-element-184bcad elementor-widget elementor-widget-text-editor\" data-id=\"184bcad\" data-element_type=\"widget\" data-e-type=\"widget\" data-widget_type=\"text-editor.default\">\n\t\t\t\t<div class=\"elementor-widget-container\">\n\t\t\t\t\t\t\t\t\t<h2 style=\"padding-left: 40px; text-align: right;\"><span style=\"color: #000080;\"><b>Carlos Andr\u00e9s Arias B.<\/b><\/span><\/h2><h3 style=\"text-align: right;\"><span style=\"color: #3366ff;\"><strong><i>Fundador &amp; CEO<\/i><\/strong><\/span><\/h3>\t\t\t\t\t\t\t\t<\/div>\n\t\t\t\t<\/div>\n\t\t\t\t<div class=\"elementor-element elementor-element-636054c elementor-widget-divider--view-line elementor-widget elementor-widget-divider\" data-id=\"636054c\" data-element_type=\"widget\" data-e-type=\"widget\" data-widget_type=\"divider.default\">\n\t\t\t\t<div class=\"elementor-widget-container\">\n\t\t\t\t\t\t\t<div class=\"elementor-divider\">\n\t\t\t<span class=\"elementor-divider-separator\">\n\t\t\t\t\t\t<\/span>\n\t\t<\/div>\n\t\t\t\t\t\t<\/div>\n\t\t\t\t<\/div>\n\t\t\t\t<div class=\"elementor-element elementor-element-3ea7a76 elementor-widget elementor-widget-text-editor\" data-id=\"3ea7a76\" data-element_type=\"widget\" data-e-type=\"widget\" data-widget_type=\"text-editor.default\">\n\t\t\t\t<div class=\"elementor-widget-container\">\n\t\t\t\t\t\t\t\t\t<h4><b>Experto en:<\/b><\/h4><ul><li style=\"font-weight: 400;\" aria-level=\"1\"><span style=\"font-weight: 400;\">Liderazgo<\/span><\/li><li style=\"font-weight: 400;\" aria-level=\"1\"><span style=\"font-weight: 400;\">Inspiraci\u00f3n<\/span><\/li><li style=\"font-weight: 400;\" aria-level=\"1\"><span style=\"font-weight: 400;\">Trabajo en Equipo<\/span><\/li><li style=\"font-weight: 400;\" aria-level=\"1\"><span style=\"font-weight: 400;\">Crecimiento Personal<\/span><\/li><li style=\"font-weight: 400;\" aria-level=\"1\"><span style=\"font-weight: 400;\">Liderazgo \u2013 Nivel Medio y Managers<\/span><\/li><li style=\"font-weight: 400;\" aria-level=\"1\"><span style=\"font-weight: 400;\">Familia\/Paternidad<\/span><\/li><li style=\"font-weight: 400;\" aria-level=\"1\"><span style=\"font-weight: 400;\">Matrimonios<\/span><\/li><li style=\"font-weight: 400;\" aria-level=\"1\"><span style=\"font-weight: 400;\">J\u00f3venes\u00a0<\/span><\/li><li style=\"font-weight: 400;\" aria-level=\"1\"><span style=\"font-weight: 400;\">Establecimiento de Metas y logro de Objetivos<\/span><\/li><\/ul><h4><b>Experiencia en:<\/b><\/h4><ul><li style=\"font-weight: 400;\" aria-level=\"1\"><span style=\"font-weight: 400;\">Corporaciones<\/span><\/li><li style=\"font-weight: 400;\" aria-level=\"1\"><span style=\"font-weight: 400;\">Asociaciones<\/span><\/li><li style=\"font-weight: 400;\" aria-level=\"1\"><span style=\"font-weight: 400;\">Sector sin fines de lucro<\/span><\/li><li style=\"font-weight: 400;\" aria-level=\"1\"><span style=\"font-weight: 400;\">Religi\u00f3n\/ Iglesia<\/span><\/li><li style=\"font-weight: 400;\" aria-level=\"1\"><span style=\"font-weight: 400;\">Deporte<\/span><\/li><\/ul><p>\u00a0<\/p>\t\t\t\t\t\t\t\t<\/div>\n\t\t\t\t<\/div>\n\t\t\t\t\t<\/div>\n\t\t<\/div>\n\t\t\t\t<div class=\"elementor-column elementor-col-33 elementor-top-column elementor-element elementor-element-a49daa9\" data-id=\"a49daa9\" data-element_type=\"column\" data-e-type=\"column\">\n\t\t\t<div class=\"elementor-widget-wrap elementor-element-populated\">\n\t\t\t\t\t\t<div class=\"elementor-element elementor-element-391f3c9 elementor-widget elementor-widget-heading\" data-id=\"391f3c9\" data-element_type=\"widget\" data-e-type=\"widget\" data-widget_type=\"heading.default\">\n\t\t\t\t<div class=\"elementor-widget-container\">\n\t\t\t\t\t<h2 class=\"elementor-heading-title elementor-size-default\">Biograf\u00eda <\/h2>\t\t\t\t<\/div>\n\t\t\t\t<\/div>\n\t\t\t\t<div class=\"elementor-element elementor-element-46d019b elementor-widget-divider--view-line elementor-widget elementor-widget-divider\" data-id=\"46d019b\" data-element_type=\"widget\" data-e-type=\"widget\" data-widget_type=\"divider.default\">\n\t\t\t\t<div class=\"elementor-widget-container\">\n\t\t\t\t\t\t\t<div class=\"elementor-divider\">\n\t\t\t<span class=\"elementor-divider-separator\">\n\t\t\t\t\t\t<\/span>\n\t\t<\/div>\n\t\t\t\t\t\t<\/div>\n\t\t\t\t<\/div>\n\t\t\t\t<div class=\"elementor-element elementor-element-7259dc1 elementor-widget elementor-widget-text-editor\" data-id=\"7259dc1\" data-element_type=\"widget\" data-e-type=\"widget\" data-widget_type=\"text-editor.default\">\n\t\t\t\t<div class=\"elementor-widget-container\">\n\t\t\t\t\t\t\t\t\t<p>Fundador de Complete International, organizaci\u00f3n que se enfoca en Soluciones de Liderazgo y Crecimiento Personal. Carlos Andr\u00e9s es un entrenador, maestro, mentor y orador independiente certificado internacionalmente por John Maxwell reconocido a nivel mundial. Dirige experiencias de aprendizaje que se adaptan para satisfacer las necesidades espec\u00edficas de la audiencia(s), para ayudar a maximizar la eficiencia y el crecimiento. Complet\u00f3 con \u00e9xito una carrera de 25 a\u00f1os en el sector de fe en la que fue ordenado como Ministro del evangelio (retirado) a finales de 2019 como director y l\u00edder en diferentes niveles.<br \/>Dirigi\u00f3 organizaciones sin fines de lucro, una fundaci\u00f3n, programas de desarrollo de j\u00f3venes en \u00e1reas de capacitaci\u00f3n de liderazgo\/administraci\u00f3n\/supervisi\u00f3n y desarrollo personal, trabajo en equipo, capacitaci\u00f3n, cambio organizacional, adquisici\u00f3n\/adquisici\u00f3n, servicio al cliente, relaciones con los clientes y administraci\u00f3n de programas y desarrollo de la fe.<\/p><h4 class=\"elementor-heading-title elementor-size-default elementor-inline-editing pen\" style=\"font-style: normal; margin-bottom: 0px; line-height: 1.3em;\" data-elementor-setting-key=\"title\" data-pen-placeholder=\"Teclea aqu\u00ed...\">\u00a0<\/h4><p><a href=\"http:\/\/www.carlosandresariasb.com\/\">www.carlosandresariasb.com<\/a><\/p>\t\t\t\t\t\t\t\t<\/div>\n\t\t\t\t<\/div>\n\t\t\t\t<div class=\"elementor-element elementor-element-8ac7ea3 elementor-align-start elementor-hidden-tablet elementor-hidden-phone elementor-icon-list--layout-inline elementor-list-item-link-full_width elementor-widget elementor-widget-icon-list\" data-id=\"8ac7ea3\" data-element_type=\"widget\" data-e-type=\"widget\" data-widget_type=\"icon-list.default\">\n\t\t\t\t<div class=\"elementor-widget-container\">\n\t\t\t\t\t\t\t<ul class=\"elementor-icon-list-items elementor-inline-items\">\n\t\t\t\t\t\t\t<li class=\"elementor-icon-list-item elementor-inline-item\">\n\t\t\t\t\t\t\t\t\t\t\t<a href=\"https:\/\/www.facebook.com\/carlosandresariasb\">\n\n\t\t\t\t\t\t\t\t\t\t\t\t<span class=\"elementor-icon-list-icon\">\n\t\t\t\t\t\t\t<i aria-hidden=\"true\" class=\"fab fa-facebook\"><\/i>\t\t\t\t\t\t<\/span>\n\t\t\t\t\t\t\t\t\t\t<span class=\"elementor-icon-list-text\"><\/span>\n\t\t\t\t\t\t\t\t\t\t\t<\/a>\n\t\t\t\t\t\t\t\t\t<\/li>\n\t\t\t\t\t\t\t\t<li class=\"elementor-icon-list-item elementor-inline-item\">\n\t\t\t\t\t\t\t\t\t\t\t<a href=\"https:\/\/www.instagram.com\/carlosandresariasb\/\">\n\n\t\t\t\t\t\t\t\t\t\t\t\t<span class=\"elementor-icon-list-icon\">\n\t\t\t\t\t\t\t<i aria-hidden=\"true\" class=\"fab fa-instagram\"><\/i>\t\t\t\t\t\t<\/span>\n\t\t\t\t\t\t\t\t\t\t<span class=\"elementor-icon-list-text\"><\/span>\n\t\t\t\t\t\t\t\t\t\t\t<\/a>\n\t\t\t\t\t\t\t\t\t<\/li>\n\t\t\t\t\t\t\t\t<li class=\"elementor-icon-list-item elementor-inline-item\">\n\t\t\t\t\t\t\t\t\t\t\t<a href=\"https:\/\/www.tiktok.com\/@carlosandresariasb20\">\n\n\t\t\t\t\t\t\t\t\t\t\t\t<span class=\"elementor-icon-list-icon\">\n\t\t\t\t\t\t\t<i aria-hidden=\"true\" class=\"fab fa-tiktok\"><\/i>\t\t\t\t\t\t<\/span>\n\t\t\t\t\t\t\t\t\t\t<span class=\"elementor-icon-list-text\"><\/span>\n\t\t\t\t\t\t\t\t\t\t\t<\/a>\n\t\t\t\t\t\t\t\t\t<\/li>\n\t\t\t\t\t\t<\/ul>\n\t\t\t\t\t\t<\/div>\n\t\t\t\t<\/div>\n\t\t\t\t\t<\/div>\n\t\t<\/div>\n\t\t\t\t\t<\/div>\n\t\t<\/section>\n\t\t\t\t<\/div>\n\t\t","protected":false},"excerpt":{"rendered":"<p>NUESTROS GUIAS EXPERTOS Credenciales: Graduado en Ciencias Pol\u00edticas y Relaciones Internacionales de la Universidad de Nebraska, Kearney. Orador, entrenador, mentor y maestro del equipo Internacional Maxwell Leadership.\u00a0 Certificado en Disciplina Positiva. Autor Carlos Andr\u00e9s Arias B. Fundador &amp; CEO Experto en: Liderazgo Inspiraci\u00f3n Trabajo en Equipo Crecimiento Personal Liderazgo \u2013 Nivel Medio y Managers Familia\/Paternidad [&hellip;]<\/p>\n","protected":false},"author":1,"featured_media":0,"parent":0,"menu_order":0,"comment_status":"closed","ping_status":"closed","template":"","meta":{"om_disable_all_campaigns":false,"_uag_custom_page_level_css":"","_monsterinsights_skip_tracking":false,"_monsterinsights_sitenote_active":false,"_monsterinsights_sitenote_note":"","_monsterinsights_sitenote_category":0,"site-sidebar-layout":"no-sidebar","site-content-layout":"page-builder","ast-site-content-layout":"full-width-container","site-content-style":"default","site-sidebar-style":"default","ast-global-header-display":"","ast-banner-title-visibility":"","ast-main-header-display":"","ast-hfb-above-header-display":"","ast-hfb-below-header-display":"","ast-hfb-mobile-header-display":"","site-post-title":"disabled","ast-breadcrumbs-content":"","ast-featured-img":"disabled","footer-sml-layout":"","theme-transparent-header-meta":"","adv-header-id-meta":"","stick-header-meta":"","header-above-stick-meta":"","header-main-stick-meta":"","header-below-stick-meta":"","astra-migrate-meta-layouts":"set","ast-page-background-enabled":"default","ast-page-background-meta":{"desktop":{"background-color":"","background-image":"","background-repeat":"repeat","background-position":"center center","background-size":"auto","background-attachment":"scroll","background-type":"","background-media":"","overlay-type":"","overlay-color":"","overlay-opacity":"","overlay-gradient":""},"tablet":{"background-color":"","background-image":"","background-repeat":"repeat","background-position":"center center","background-size":"auto","background-attachment":"scroll","background-type":"","background-media":"","overlay-type":"","overlay-color":"","overlay-opacity":"","overlay-gradient":""},"mobile":{"background-color":"","background-image":"","background-repeat":"repeat","background-position":"center center","background-size":"auto","background-attachment":"scroll","background-type":"","background-media":"","overlay-type":"","overlay-color":"","overlay-opacity":"","overlay-gradient":""}},"ast-content-background-meta":{"desktop":{"background-color":"var(--ast-global-color-5)","background-image":"","background-repeat":"repeat","background-position":"center center","background-size":"auto","background-attachment":"scroll","background-type":"","background-media":"","overlay-type":"","overlay-color":"","overlay-opacity":"","overlay-gradient":""},"tablet":{"background-color":"var(--ast-global-color-5)","background-image":"","background-repeat":"repeat","background-position":"center center","background-size":"auto","background-attachment":"scroll","background-type":"","background-media":"","overlay-type":"","overlay-color":"","overlay-opacity":"","overlay-gradient":""},"mobile":{"background-color":"var(--ast-global-color-5)","background-image":"","background-repeat":"repeat","background-position":"center center","background-size":"auto","background-attachment":"scroll","background-type":"","background-media":"","overlay-type":"","overlay-color":"","overlay-opacity":"","overlay-gradient":""}},"footnotes":""},"class_list":["post-26679","page","type-page","status-publish","hentry"],"aioseo_notices":[],"_hostinger_reach_plugin_has_subscription_block":false,"_hostinger_reach_plugin_is_elementor":false,"uagb_featured_image_src":{"full":false,"thumbnail":false,"medium":false,"medium_large":false,"large":false,"1536x1536":false,"2048x2048":false,"mailpoet_newsletter_max":false},"uagb_author_info":{"display_name":"soporte","author_link":"https:\/\/academia.completei.es\/index.php\/author\/soporte\/"},"uagb_comment_info":0,"uagb_excerpt":"NUESTROS GUIAS EXPERTOS Credenciales: Graduado en Ciencias Pol\u00edticas y Relaciones Internacionales de la Universidad de Nebraska, Kearney. Orador, entrenador, mentor y maestro del equipo Internacional Maxwell Leadership.\u00a0 Certificado en Disciplina Positiva. Autor Carlos Andr\u00e9s Arias B. Fundador &amp; CEO Experto en: Liderazgo Inspiraci\u00f3n Trabajo en Equipo Crecimiento Personal Liderazgo \u2013 Nivel Medio y Managers Familia\/Paternidad&hellip;","_links":{"self":[{"href":"https:\/\/academia.completei.es\/index.php\/wp-json\/wp\/v2\/pages\/26679","targetHints":{"allow":["GET"]}}],"collection":[{"href":"https:\/\/academia.completei.es\/index.php\/wp-json\/wp\/v2\/pages"}],"about":[{"href":"https:\/\/academia.completei.es\/index.php\/wp-json\/wp\/v2\/types\/page"}],"author":[{"embeddable":true,"href":"https:\/\/academia.completei.es\/index.php\/wp-json\/wp\/v2\/users\/1"}],"replies":[{"embeddable":true,"href":"https:\/\/academia.completei.es\/index.php\/wp-json\/wp\/v2\/comments?post=26679"}],"version-history":[{"count":7,"href":"https:\/\/academia.completei.es\/index.php\/wp-json\/wp\/v2\/pages\/26679\/revisions"}],"predecessor-version":[{"id":26706,"href":"https:\/\/academia.completei.es\/index.php\/wp-json\/wp\/v2\/pages\/26679\/revisions\/26706"}],"wp:attachment":[{"href":"https:\/\/academia.completei.es\/index.php\/wp-json\/wp\/v2\/media?parent=26679"}],"curies":[{"name":"wp","href":"https:\/\/api.w.org\/{rel}","templated":true}]}}