{"id":26045,"date":"2023-07-24T21:24:33","date_gmt":"2023-07-25T01:24:33","guid":{"rendered":"https:\/\/academia.completei.es\/index.php\/cursos\/"},"modified":"2023-07-24T21:24:33","modified_gmt":"2023-07-25T01:24:33","slug":"cursos","status":"publish","type":"page","link":"https:\/\/academia.completei.es\/index.php\/cursos\/","title":{"rendered":"Cursos"},"content":{"rendered":"<div class=\"learndash-wrap\"><div id=\"ld-course-list-content-a40675790927e035f19c24559543d191\" class=\"ld-course-list-content\" data-shortcode-atts=\"{&quot;course_grid&quot;:&quot;true&quot;}\">\n\t\t\t<div class=\"ld-course-list-items row\">\n\t<!-- LearnDash Course Grid v1 --><div class=\"ld_course_grid col-sm-8 col-md-4 \">\n\t<article id=\"post-28277\" class=\" thumbnail course post-28277 sfwd-courses type-sfwd-courses status-publish has-post-thumbnail hentry\">\n\t\t\t\t\t\t\t\t<div class=\"ribbon enrolled\">\n\t\t\t\tEnrolled\t\t\t<\/div>\n\t\t\t\n\t\t\t\t\t\t<a href=\"https:\/\/academia.completei.es\/index.php\/Cursos\/evaluacion-anual\/\" rel=\"bookmark\">\n\t\t\t\t<img decoding=\"async\" width=\"300\" height=\"150\" src=\"https:\/\/academia.completei.es\/wp-content\/uploads\/2026\/02\/Evaluacion-Anual-300x150.png\" class=\"attachment-medium size-medium wp-post-image\" alt=\"\" srcset=\"https:\/\/academia.completei.es\/wp-content\/uploads\/2026\/02\/Evaluacion-Anual-300x150.png 300w, https:\/\/academia.completei.es\/wp-content\/uploads\/2026\/02\/Evaluacion-Anual-768x384.png 768w, https:\/\/academia.completei.es\/wp-content\/uploads\/2026\/02\/Evaluacion-Anual.png 1000w\" sizes=\"(max-width: 300px) 100vw, 300px\" \/>\t\t\t<\/a>\n\t\t\t\t\t\n\t\t\t\t\t<div class=\"caption\">\n\t\t\t\t<h3 class=\"entry-title\">Evaluaci\u00f3n Anual<\/h3>\n\t\t\t\t\t\t\t\t<div class=\"entry-content\"><p>Descarga gu\u00eda gratuita para reflexionar, aprender de tus decisiones y experiencias y proyectar un nuevo a\u00f1o con intenci\u00f3n. Termina e inicia cada etapa de tu vida reflexionando y aprendiendo de lo vivido para proyectar y maximizar tu potencial.<br \/>\nDesc\u00e1rgalo de manera complementaria y lidera con claridad y prop\u00f3sito.<\/p>\n<\/div>\n\t\t\t\t\t\t\t\t<div class=\"ld_course_grid_button\"><a class=\"btn btn-primary\" role=\"button\" href=\"https:\/\/academia.completei.es\/index.php\/Cursos\/evaluacion-anual\/\" rel=\"bookmark\">MAS INFORMACION<\/a><\/div>\n\t\t\t\t\t\t\t<\/div><!-- .entry-header -->\n\t\t\t<\/article><!-- #post-## -->\n<\/div><!-- .ld_course_grid -->\n<!-- LearnDash Course Grid v1 --><div class=\"ld_course_grid col-sm-8 col-md-4 \">\n\t<article id=\"post-28021\" class=\" thumbnail course post-28021 sfwd-courses type-sfwd-courses status-publish has-post-thumbnail hentry\">\n\t\t\t\t\t\n\t\t\t\t\t\t<a href=\"https:\/\/academia.completei.es\/index.php\/Cursos\/bienestar-integral-en-la-segunda-mitad\/\" rel=\"bookmark\">\n\t\t\t\t<img decoding=\"async\" width=\"300\" height=\"150\" src=\"https:\/\/academia.completei.es\/wp-content\/uploads\/2026\/01\/Bienestar-Integral-en-la-Segunda-Mitad-300x150.png\" class=\"attachment-medium size-medium wp-post-image\" alt=\"\" srcset=\"https:\/\/academia.completei.es\/wp-content\/uploads\/2026\/01\/Bienestar-Integral-en-la-Segunda-Mitad-300x150.png 300w, https:\/\/academia.completei.es\/wp-content\/uploads\/2026\/01\/Bienestar-Integral-en-la-Segunda-Mitad-768x384.png 768w, https:\/\/academia.completei.es\/wp-content\/uploads\/2026\/01\/Bienestar-Integral-en-la-Segunda-Mitad.png 1000w\" sizes=\"(max-width: 300px) 100vw, 300px\" \/>\t\t\t<\/a>\n\t\t\t\t\t\n\t\t\t\t\t<div class=\"caption\">\n\t\t\t\t<h3 class=\"entry-title\">Bienestar Integral en la Segunda Mitad<\/h3>\n\t\t\t\t\t\t\t\t<div class=\"entry-content\"><p>Descubre c\u00f3mo cuidar tu cuerpo, tu mente y tu energ\u00eda con h\u00e1bitos simples, sostenibles<br \/>\ny adaptados a esta etapa de vida. Este bono re\u00fane claves de nutrici\u00f3n, movimiento y<br \/>\nbienestar emocional para mantener vitalidad y equilibrio en tu d\u00eda a d\u00eda. Porque redise\u00f1ar<br \/>\ntu vida tambi\u00e9n implica aprender a sentirte bien en ella.<\/p>\n<\/div>\n\t\t\t\t\t\t\t\t<div class=\"ld_course_grid_button\"><a class=\"btn btn-primary\" role=\"button\" href=\"https:\/\/academia.completei.es\/index.php\/Cursos\/bienestar-integral-en-la-segunda-mitad\/\" rel=\"bookmark\">MAS INFORMACION<\/a><\/div>\n\t\t\t\t\t\t\t<\/div><!-- .entry-header -->\n\t\t\t<\/article><!-- #post-## -->\n<\/div><!-- .ld_course_grid -->\n<!-- LearnDash Course Grid v1 --><div class=\"ld_course_grid col-sm-8 col-md-4 \">\n\t<article id=\"post-28019\" class=\" thumbnail course post-28019 sfwd-courses type-sfwd-courses status-publish has-post-thumbnail hentry\">\n\t\t\t\t\t\n\t\t\t\t\t\t<a href=\"https:\/\/academia.completei.es\/index.php\/Cursos\/abundancia-en-la-segunda-mitad\/\" rel=\"bookmark\">\n\t\t\t\t<img decoding=\"async\" width=\"300\" height=\"150\" src=\"https:\/\/academia.completei.es\/wp-content\/uploads\/2026\/01\/Abundancia-en-la-Segunda-Mitad-300x150.png\" class=\"attachment-medium size-medium wp-post-image\" alt=\"\" srcset=\"https:\/\/academia.completei.es\/wp-content\/uploads\/2026\/01\/Abundancia-en-la-Segunda-Mitad-300x150.png 300w, https:\/\/academia.completei.es\/wp-content\/uploads\/2026\/01\/Abundancia-en-la-Segunda-Mitad-768x384.png 768w, https:\/\/academia.completei.es\/wp-content\/uploads\/2026\/01\/Abundancia-en-la-Segunda-Mitad.png 1000w\" sizes=\"(max-width: 300px) 100vw, 300px\" \/>\t\t\t<\/a>\n\t\t\t\t\t\n\t\t\t\t\t<div class=\"caption\">\n\t\t\t\t<h3 class=\"entry-title\">Abundancia en la Segunda Mitad<\/h3>\n\t\t\t\t\t\t\t\t<div class=\"entry-content\"><p>Construye una mentalidad financiera alineada con tu prop\u00f3sito. Una herramientas para tomar decisiones econ\u00f3micas m\u00e1s conscientes, superar creencias limitantes y dise\u00f1ar una nueva relaci\u00f3n con el dinero desde la plenitud, no desde la escasez. Equ\u00edpate para vivir con equilibrio, libertad y visi\u00f3n en esta nueva etapa.<\/p>\n<\/div>\n\t\t\t\t\t\t\t\t<div class=\"ld_course_grid_button\"><a class=\"btn btn-primary\" role=\"button\" href=\"https:\/\/academia.completei.es\/index.php\/Cursos\/abundancia-en-la-segunda-mitad\/\" rel=\"bookmark\">MAS INFORMACION<\/a><\/div>\n\t\t\t\t\t\t\t<\/div><!-- .entry-header -->\n\t\t\t<\/article><!-- #post-## -->\n<\/div><!-- .ld_course_grid -->\n<!-- LearnDash Course Grid v1 --><div class=\"ld_course_grid col-sm-8 col-md-4 \">\n\t<article id=\"post-27865\" class=\" thumbnail course post-27865 sfwd-courses type-sfwd-courses status-publish has-post-thumbnail hentry ld_course_category-crecimiento-personal ld_course_category-disc ld_course_category-liderazgo\">\n\t\t\t\t\t\n\t\t\t\t\t\t<a href=\"https:\/\/academia.completei.es\/index.php\/Cursos\/decodificate-valoracion-disc-lecciones\/\" rel=\"bookmark\">\n\t\t\t\t<img loading=\"lazy\" decoding=\"async\" width=\"300\" height=\"150\" src=\"https:\/\/academia.completei.es\/wp-content\/uploads\/2025\/11\/Decodificate-300x150.png\" class=\"attachment-medium size-medium wp-post-image\" alt=\"\" srcset=\"https:\/\/academia.completei.es\/wp-content\/uploads\/2025\/11\/Decodificate-300x150.png 300w, https:\/\/academia.completei.es\/wp-content\/uploads\/2025\/11\/Decodificate-768x384.png 768w, https:\/\/academia.completei.es\/wp-content\/uploads\/2025\/11\/Decodificate.png 1000w\" sizes=\"(max-width: 300px) 100vw, 300px\" \/>\t\t\t<\/a>\n\t\t\t\t\t\n\t\t\t\t\t<div class=\"caption\">\n\t\t\t\t<h3 class=\"entry-title\">DECODIF\u00cdCATE (DISC-Lecciones)<\/h3>\n\t\t\t\t\t\t\t\t<div class=\"entry-content\"><p>Vive una experiencia integral de autoconocimiento. A trav\u00e9s de 10 lecciones en video y ejercicios pr\u00e1cticos, aprender\u00e1s a interpretar tu perfil DISC y comprender tus fortalezas, \u00e1reas de mejora y estilo \u00fanico de comunicaci\u00f3n.  Suscribe para m\u00e1s informaci\u00f3n del programa.<\/p>\n<\/div>\n\t\t\t\t\t\t\t\t<div class=\"ld_course_grid_button\"><a class=\"btn btn-primary\" role=\"button\" href=\"https:\/\/academia.completei.es\/index.php\/Cursos\/decodificate-valoracion-disc-lecciones\/\" rel=\"bookmark\">M\u00c1S INFORMACI\u00d3N<\/a><\/div>\n\t\t\t\t\t\t\t<\/div><!-- .entry-header -->\n\t\t\t<\/article><!-- #post-## -->\n<\/div><!-- .ld_course_grid -->\n<!-- LearnDash Course Grid v1 --><div class=\"ld_course_grid col-sm-8 col-md-4 \">\n\t<article id=\"post-27410\" class=\" thumbnail course post-27410 sfwd-courses type-sfwd-courses status-publish has-post-thumbnail hentry\">\n\t\t\t\t\t\n\t\t\t\t\t\t<a href=\"https:\/\/academia.completei.es\/index.php\/Cursos\/el-gran-giro\/\" rel=\"bookmark\">\n\t\t\t\t<img loading=\"lazy\" decoding=\"async\" width=\"300\" height=\"150\" src=\"https:\/\/academia.completei.es\/wp-content\/uploads\/2025\/06\/Copy-of-EGG-300x150.png\" class=\"attachment-medium size-medium wp-post-image\" alt=\"\" srcset=\"https:\/\/academia.completei.es\/wp-content\/uploads\/2025\/06\/Copy-of-EGG-300x150.png 300w, https:\/\/academia.completei.es\/wp-content\/uploads\/2025\/06\/Copy-of-EGG-1024x512.png 1024w, https:\/\/academia.completei.es\/wp-content\/uploads\/2025\/06\/Copy-of-EGG-768x384.png 768w, https:\/\/academia.completei.es\/wp-content\/uploads\/2025\/06\/Copy-of-EGG-1536x768.png 1536w, https:\/\/academia.completei.es\/wp-content\/uploads\/2025\/06\/Copy-of-EGG-1320x660.png 1320w, https:\/\/academia.completei.es\/wp-content\/uploads\/2025\/06\/Copy-of-EGG.png 2000w\" sizes=\"(max-width: 300px) 100vw, 300px\" \/>\t\t\t<\/a>\n\t\t\t\t\t\n\t\t\t\t\t<div class=\"caption\">\n\t\t\t\t<h3 class=\"entry-title\">El Gran Giro<\/h3>\n\t\t\t\t\t\t\t\t<div class=\"entry-content\"><p>Programa por temporada, si tienes m\u00e1s de 40 a\u00f1os, probablemente ya viviste m\u00e1s de la mitad de tu vida. Este programa es un m\u00e9todo para redefine u vida para disfrutar de una segunda mitad plena y exitosa. Suscribe y recibir\u00e1s informaci\u00f3n cuando se lance la siguiente temporada.<\/p>\n<\/div>\n\t\t\t\t\t\t\t\t<div class=\"ld_course_grid_button\"><a class=\"btn btn-primary\" role=\"button\" href=\"https:\/\/academia.completei.es\/index.php\/Cursos\/el-gran-giro\/\" rel=\"bookmark\">MAS INFORMACION<\/a><\/div>\n\t\t\t\t\t\t\t<\/div><!-- .entry-header -->\n\t\t\t<\/article><!-- #post-## -->\n<\/div><!-- .ld_course_grid -->\n<!-- LearnDash Course Grid v1 --><div class=\"ld_course_grid col-sm-8 col-md-4 \">\n\t<article id=\"post-26869\" class=\" thumbnail course post-26869 sfwd-courses type-sfwd-courses status-publish has-post-thumbnail hentry ld_course_category-crecimiento-personal ld_course_category-inspiracion ld_course_category-liderazgo\">\n\t\t\t\t\t\t\t\t<div class=\"ribbon\">\n\t\t\t\tFree\t\t\t<\/div>\n\t\t\t\n\t\t\t\t\t\t<a href=\"https:\/\/academia.completei.es\/index.php\/Cursos\/12-dias-de-ayuno\/\" rel=\"bookmark\">\n\t\t\t\t<img loading=\"lazy\" decoding=\"async\" width=\"300\" height=\"150\" src=\"https:\/\/academia.completei.es\/wp-content\/uploads\/2025\/01\/12-Dias-Ayuno-2-300x150.png\" class=\"attachment-medium size-medium wp-post-image\" alt=\"\" srcset=\"https:\/\/academia.completei.es\/wp-content\/uploads\/2025\/01\/12-Dias-Ayuno-2-300x150.png 300w, https:\/\/academia.completei.es\/wp-content\/uploads\/2025\/01\/12-Dias-Ayuno-2-768x384.png 768w, https:\/\/academia.completei.es\/wp-content\/uploads\/2025\/01\/12-Dias-Ayuno-2.png 1000w\" sizes=\"(max-width: 300px) 100vw, 300px\" \/>\t\t\t<\/a>\n\t\t\t\t\t\n\t\t\t\t\t<div class=\"caption\">\n\t\t\t\t<h3 class=\"entry-title\">12 D\u00cdAS DE AYUNO<\/h3>\n\t\t\t\t\t\t\t\t<div class=\"entry-content\"><p>\u00bfQuieres conectarte y consagrar los 12 meses del a\u00f1o? Toma el desaf\u00edo de orar, presentar y pasar tiempos con DIOS, durante 12 d\u00edas. En estos d\u00edas recibir\u00e1s direcci\u00f3n, claridad y seguridad al igual que la certeza de que has puesto a Dios primero. Para estar imparable durante los 12 meses del a\u00f1o.<\/p>\n<\/div>\n\t\t\t\t\t\t\t\t<div class=\"ld_course_grid_button\"><a class=\"btn btn-primary\" role=\"button\" href=\"https:\/\/academia.completei.es\/index.php\/Cursos\/12-dias-de-ayuno\/\" rel=\"bookmark\">Enroll Now<\/a><\/div>\n\t\t\t\t\t\t\t<\/div><!-- .entry-header -->\n\t\t\t<\/article><!-- #post-## -->\n<\/div><!-- .ld_course_grid -->\n\t<\/div>\n\t\t\t<\/div>\n\t\t<\/div>","protected":false},"excerpt":{"rendered":"","protected":false},"author":1,"featured_media":0,"parent":0,"menu_order":0,"comment_status":"closed","ping_status":"closed","template":"","meta":{"om_disable_all_campaigns":false,"_uag_custom_page_level_css":"","_monsterinsights_skip_tracking":false,"_monsterinsights_sitenote_active":false,"_monsterinsights_sitenote_note":"","_monsterinsights_sitenote_category":0,"site-sidebar-layout":"default","site-content-layout":"","ast-site-content-layout":"default","site-content-style":"default","site-sidebar-style":"default","ast-global-header-display":"","ast-banner-title-visibility":"","ast-main-header-display":"","ast-hfb-above-header-display":"","ast-hfb-below-header-display":"","ast-hfb-mobile-header-display":"","site-post-title":"","ast-breadcrumbs-content":"","ast-featured-img":"","footer-sml-layout":"","theme-transparent-header-meta":"","adv-header-id-meta":"","stick-header-meta":"","header-above-stick-meta":"","header-main-stick-meta":"","header-below-stick-meta":"","astra-migrate-meta-layouts":"default","ast-page-background-enabled":"default","ast-page-background-meta":{"desktop":{"background-color":"","background-image":"","background-repeat":"repeat","background-position":"center center","background-size":"auto","background-attachment":"scroll","background-type":"","background-media":"","overlay-type":"","overlay-color":"","overlay-opacity":"","overlay-gradient":""},"tablet":{"background-color":"","background-image":"","background-repeat":"repeat","background-position":"center center","background-size":"auto","background-attachment":"scroll","background-type":"","background-media":"","overlay-type":"","overlay-color":"","overlay-opacity":"","overlay-gradient":""},"mobile":{"background-color":"","background-image":"","background-repeat":"repeat","background-position":"center center","background-size":"auto","background-attachment":"scroll","background-type":"","background-media":"","overlay-type":"","overlay-color":"","overlay-opacity":"","overlay-gradient":""}},"ast-content-background-meta":{"desktop":{"background-color":"var(--ast-global-color-5)","background-image":"","background-repeat":"repeat","background-position":"center center","background-size":"auto","background-attachment":"scroll","background-type":"","background-media":"","overlay-type":"","overlay-color":"","overlay-opacity":"","overlay-gradient":""},"tablet":{"background-color":"var(--ast-global-color-5)","background-image":"","background-repeat":"repeat","background-position":"center center","background-size":"auto","background-attachment":"scroll","background-type":"","background-media":"","overlay-type":"","overlay-color":"","overlay-opacity":"","overlay-gradient":""},"mobile":{"background-color":"var(--ast-global-color-5)","background-image":"","background-repeat":"repeat","background-position":"center center","background-size":"auto","background-attachment":"scroll","background-type":"","background-media":"","overlay-type":"","overlay-color":"","overlay-opacity":"","overlay-gradient":""}},"footnotes":""},"class_list":["post-26045","page","type-page","status-publish","hentry"],"aioseo_notices":[],"_hostinger_reach_plugin_has_subscription_block":false,"_hostinger_reach_plugin_is_elementor":false,"uagb_featured_image_src":{"full":false,"thumbnail":false,"medium":false,"medium_large":false,"large":false,"1536x1536":false,"2048x2048":false,"mailpoet_newsletter_max":false},"uagb_author_info":{"display_name":"soporte","author_link":"https:\/\/academia.completei.es\/index.php\/author\/soporte\/"},"uagb_comment_info":0,"uagb_excerpt":null,"_links":{"self":[{"href":"https:\/\/academia.completei.es\/index.php\/wp-json\/wp\/v2\/pages\/26045","targetHints":{"allow":["GET"]}}],"collection":[{"href":"https:\/\/academia.completei.es\/index.php\/wp-json\/wp\/v2\/pages"}],"about":[{"href":"https:\/\/academia.completei.es\/index.php\/wp-json\/wp\/v2\/types\/page"}],"author":[{"embeddable":true,"href":"https:\/\/academia.completei.es\/index.php\/wp-json\/wp\/v2\/users\/1"}],"replies":[{"embeddable":true,"href":"https:\/\/academia.completei.es\/index.php\/wp-json\/wp\/v2\/comments?post=26045"}],"version-history":[{"count":0,"href":"https:\/\/academia.completei.es\/index.php\/wp-json\/wp\/v2\/pages\/26045\/revisions"}],"wp:attachment":[{"href":"https:\/\/academia.completei.es\/index.php\/wp-json\/wp\/v2\/media?parent=26045"}],"curies":[{"name":"wp","href":"https:\/\/api.w.org\/{rel}","templated":true}]}}