{"id":25241,"date":"2022-12-08T20:23:36","date_gmt":"2022-12-08T20:23:36","guid":{"rendered":"https:\/\/academia.completei.es\/?page_id=25241"},"modified":"2025-11-06T14:55:57","modified_gmt":"2025-11-06T19:55:57","slug":"registro","status":"publish","type":"page","link":"https:\/\/academia.completei.es\/index.php\/registro\/","title":{"rendered":"Inscripci\u00f3n"},"content":{"rendered":"\t\t<div data-elementor-type=\"wp-page\" data-elementor-id=\"25241\" class=\"elementor elementor-25241\">\n\t\t\t\t\t\t<section class=\"elementor-section elementor-top-section elementor-element elementor-element-d68b138 elementor-section-full_width elementor-section-stretched elementor-section-height-default elementor-section-height-default\" data-id=\"d68b138\" data-element_type=\"section\" data-e-type=\"section\" data-settings=\"{&quot;background_background&quot;:&quot;gradient&quot;,&quot;stretch_section&quot;:&quot;section-stretched&quot;}\">\n\t\t\t\t\t\t<div class=\"elementor-container elementor-column-gap-no\">\n\t\t\t\t\t<div class=\"elementor-column elementor-col-100 elementor-top-column elementor-element elementor-element-399b96f\" data-id=\"399b96f\" data-element_type=\"column\" data-e-type=\"column\">\n\t\t\t<div class=\"elementor-widget-wrap elementor-element-populated\">\n\t\t\t\t\t\t<div class=\"elementor-element elementor-element-4d44794 elementor-widget elementor-widget-image-box\" data-id=\"4d44794\" data-element_type=\"widget\" data-e-type=\"widget\" data-widget_type=\"image-box.default\">\n\t\t\t\t<div class=\"elementor-widget-container\">\n\t\t\t\t\t<div class=\"elementor-image-box-wrapper\"><div class=\"elementor-image-box-content\"><h1 class=\"elementor-image-box-title\">Inscr\u00edbete <\/h1><\/div><\/div>\t\t\t\t<\/div>\n\t\t\t\t<\/div>\n\t\t\t\t\t<\/div>\n\t\t<\/div>\n\t\t\t\t\t<\/div>\n\t\t<\/section>\n\t\t\t\t<section class=\"elementor-section elementor-top-section elementor-element elementor-element-d38b542 elementor-section-stretched elementor-section-boxed elementor-section-height-default elementor-section-height-default\" data-id=\"d38b542\" data-element_type=\"section\" data-e-type=\"section\" data-settings=\"{&quot;stretch_section&quot;:&quot;section-stretched&quot;}\">\n\t\t\t\t\t\t<div class=\"elementor-container elementor-column-gap-default\">\n\t\t\t\t\t<div class=\"elementor-column elementor-col-50 elementor-top-column elementor-element elementor-element-da53395\" data-id=\"da53395\" data-element_type=\"column\" data-e-type=\"column\">\n\t\t\t<div class=\"elementor-widget-wrap elementor-element-populated\">\n\t\t\t\t\t\t<div class=\"elementor-element elementor-element-575a3da elementor-widget elementor-widget-wp-widget-block\" data-id=\"575a3da\" data-element_type=\"widget\" data-e-type=\"widget\" data-widget_type=\"wp-widget-block.default\">\n\t\t\t\t<div class=\"elementor-widget-container\">\n\t\t\t\t\t<div class=\"learndash-wrap\">\n\t<div class=\"learndash-wrapper\">\n\n\t<div id=\"learndash-registration-wrapper\" >\n\n\t\n\t<p class=\"registration-login\">Already have an account? <a class=\"registration-login-link\" href=\"\">Log In<\/a><\/p><div class=\"registration-login-form\" style=\"display: none;\"><form name=\"loginform\" id=\"loginform\" action=\"https:\/\/academia.completei.es\/wp-login.php\" method=\"post\"><input id=\"learndash-login-form\" type=\"hidden\" name=\"learndash-login-form\" value=\"7f2a4dc6e4\" \/><p class=\"login-username\">\n\t\t\t\t<label for=\"user_login\">Nombre de usuario o correo electr\u00f3nico<\/label>\n\t\t\t\t<input type=\"text\" name=\"log\" id=\"user_login\" autocomplete=\"username\" class=\"input\" value=\"\" size=\"20\" \/>\n\t\t\t<\/p><p class=\"login-password\">\n\t\t\t\t<label for=\"user_pass\">Contrase\u00f1a<\/label>\n\t\t\t\t<input type=\"password\" name=\"pwd\" id=\"user_pass\" autocomplete=\"current-password\" spellcheck=\"false\" class=\"input\" value=\"\" size=\"20\" \/>\n\t\t\t<\/p><p class=\"login-remember\"><label><input name=\"rememberme\" type=\"checkbox\" id=\"rememberme\" value=\"forever\" \/> Recu\u00e9rdame<\/label><\/p><p class=\"login-submit\">\n\t\t\t\t<input type=\"submit\" name=\"wp-submit\" id=\"wp-submit\" class=\"button button-primary\" value=\"Acceder\" \/>\n\t\t\t\t<input type=\"hidden\" name=\"redirect_to\" value=\"https:\/\/academia.completei.es\/index.php\/logininiciar\/\" \/>\n\t\t\t<\/p><\/form><\/div><p class=\"show-password-reset-link\" style=\"display: none;\">Forgot password? <a href=\"https:\/\/academia.completei.es\/index.php\/password-reset\/\">Click here to reset it.<\/a><\/p><\/div><\/div><\/div>\t\t\t\t<\/div>\n\t\t\t\t<\/div>\n\t\t\t\t\t<\/div>\n\t\t<\/div>\n\t\t\t\t<div class=\"elementor-column elementor-col-50 elementor-top-column elementor-element elementor-element-c0f6b6a\" data-id=\"c0f6b6a\" data-element_type=\"column\" data-e-type=\"column\">\n\t\t\t<div class=\"elementor-widget-wrap elementor-element-populated\">\n\t\t\t\t\t\t<div class=\"elementor-element elementor-element-5538bad elementor-widget elementor-widget-image\" data-id=\"5538bad\" data-element_type=\"widget\" data-e-type=\"widget\" data-widget_type=\"image.default\">\n\t\t\t\t<div class=\"elementor-widget-container\">\n\t\t\t\t\t\t\t\t\t\t\t\t\t\t\t<img fetchpriority=\"high\" decoding=\"async\" width=\"580\" height=\"211\" src=\"https:\/\/academia.completei.es\/wp-content\/uploads\/2025\/06\/AYUDA.png\" class=\"attachment-large size-large wp-image-27489\" alt=\"\" srcset=\"https:\/\/academia.completei.es\/wp-content\/uploads\/2025\/06\/AYUDA.png 580w, https:\/\/academia.completei.es\/wp-content\/uploads\/2025\/06\/AYUDA-300x109.png 300w\" sizes=\"(max-width: 580px) 100vw, 580px\" \/>\t\t\t\t\t\t\t\t\t\t\t\t\t\t\t<\/div>\n\t\t\t\t<\/div>\n\t\t\t\t<div class=\"elementor-element elementor-element-d348fa8 elementor-widget elementor-widget-image\" data-id=\"d348fa8\" data-element_type=\"widget\" data-e-type=\"widget\" data-widget_type=\"image.default\">\n\t\t\t\t<div class=\"elementor-widget-container\">\n\t\t\t\t\t\t\t\t\t\t\t\t\t\t\t<img decoding=\"async\" width=\"1000\" height=\"1000\" src=\"https:\/\/academia.completei.es\/wp-content\/uploads\/2024\/09\/1-1.png\" class=\"attachment-large size-large wp-image-26808\" alt=\"\" srcset=\"https:\/\/academia.completei.es\/wp-content\/uploads\/2024\/09\/1-1.png 1000w, https:\/\/academia.completei.es\/wp-content\/uploads\/2024\/09\/1-1-300x300.png 300w, https:\/\/academia.completei.es\/wp-content\/uploads\/2024\/09\/1-1-150x150.png 150w, https:\/\/academia.completei.es\/wp-content\/uploads\/2024\/09\/1-1-768x768.png 768w\" sizes=\"(max-width: 1000px) 100vw, 1000px\" \/>\t\t\t\t\t\t\t\t\t\t\t\t\t\t\t<\/div>\n\t\t\t\t<\/div>\n\t\t\t\t<div class=\"elementor-element elementor-element-99374c3 elementor-widget elementor-widget-heading\" data-id=\"99374c3\" data-element_type=\"widget\" data-e-type=\"widget\" data-widget_type=\"heading.default\">\n\t\t\t\t<div class=\"elementor-widget-container\">\n\t\t\t\t\t<h2 class=\"elementor-heading-title elementor-size-default\">PASOS PARA INSCIRIBIRSE<\/h2>\t\t\t\t<\/div>\n\t\t\t\t<\/div>\n\t\t\t\t<div class=\"elementor-element elementor-element-af8063c elementor-widget elementor-widget-text-editor\" data-id=\"af8063c\" data-element_type=\"widget\" data-e-type=\"widget\" data-widget_type=\"text-editor.default\">\n\t\t\t\t<div class=\"elementor-widget-container\">\n\t\t\t\t\t\t\t\t\t<h4 data-start=\"167\" data-end=\"218\">1. <strong data-start=\"175\" data-end=\"218\">Crear una cuenta (si a\u00fan no tienes una)<\/strong><\/h4><ul data-start=\"219\" data-end=\"331\"><li data-start=\"219\" data-end=\"285\"><p data-start=\"221\" data-end=\"285\">Ingresa todos tus datos personales en el formulario de registro.<\/p><\/li><li data-start=\"286\" data-end=\"331\"><p data-start=\"288\" data-end=\"331\">Crea un nombre de usuario y una contrase\u00f1a.<\/p><\/li><\/ul><h4 data-start=\"333\" data-end=\"359\">2. <strong data-start=\"341\" data-end=\"359\">Iniciar sesi\u00f3n<\/strong><\/h4><ul data-start=\"360\" data-end=\"429\"><li data-start=\"360\" data-end=\"429\"><p data-start=\"362\" data-end=\"429\">Si ya tienes una cuenta, inicia sesi\u00f3n con tu usuario y contrase\u00f1a.<\/p><\/li><\/ul><h4 data-start=\"431\" data-end=\"459\">3. <strong data-start=\"439\" data-end=\"459\">Realizar el pago<\/strong><\/h4><ul data-start=\"460\" data-end=\"578\"><li data-start=\"460\" data-end=\"495\"><p data-start=\"462\" data-end=\"495\">Haz clic en el bot\u00f3n <strong data-start=\"483\" data-end=\"494\">&#8220;Pagar&#8221;<\/strong>.<\/p><\/li><li data-start=\"496\" data-end=\"578\"><p data-start=\"498\" data-end=\"578\">Ingresa los datos de tu tarjeta en la secci\u00f3n de pago y confirma la transacci\u00f3n.<\/p><\/li><\/ul><h4 data-start=\"580\" data-end=\"623\">4. <strong data-start=\"588\" data-end=\"623\">Verificar tu correo electr\u00f3nico<\/strong><\/h4><ul data-start=\"624\" data-end=\"774\"><li data-start=\"624\" data-end=\"686\"><p data-start=\"626\" data-end=\"686\">Revisa tu bandeja de entrada (y tambi\u00e9n la carpeta de spam).<\/p><\/li><li data-start=\"687\" data-end=\"774\"><p data-start=\"689\" data-end=\"774\">Abre el correo que recibas y haz clic en el enlace para <strong data-start=\"745\" data-end=\"773\">confirmar tu inscripci\u00f3n<\/strong>.<\/p><\/li><\/ul><h4 data-start=\"776\" data-end=\"806\">5. <strong data-start=\"784\" data-end=\"806\">Acceder a tu curso<\/strong><\/h4><ul data-start=\"807\" data-end=\"933\"><li data-start=\"807\" data-end=\"869\"><p data-start=\"809\" data-end=\"869\">Una vez confirmado el registro, inicia sesi\u00f3n con tu cuenta.<\/p><\/li><li data-start=\"870\" data-end=\"933\"><p data-start=\"872\" data-end=\"933\">Ve a tu perfil para ver los cursos en los que est\u00e1s inscrito.<\/p><\/li><\/ul>\t\t\t\t\t\t\t\t<\/div>\n\t\t\t\t<\/div>\n\t\t\t\t\t<\/div>\n\t\t<\/div>\n\t\t\t\t\t<\/div>\n\t\t<\/section>\n\t\t\t\t<\/div>\n\t\t","protected":false},"excerpt":{"rendered":"<p>Inscr\u00edbete PASOS PARA INSCIRIBIRSE 1. Crear una cuenta (si a\u00fan no tienes una) Ingresa todos tus datos personales en el formulario de registro. Crea un nombre de usuario y una contrase\u00f1a. 2. Iniciar sesi\u00f3n Si ya tienes una cuenta, inicia sesi\u00f3n con tu usuario y contrase\u00f1a. 3. Realizar el pago Haz clic en el bot\u00f3n [&hellip;]<\/p>\n","protected":false},"author":1,"featured_media":0,"parent":0,"menu_order":0,"comment_status":"closed","ping_status":"closed","template":"elementor_header_footer","meta":{"om_disable_all_campaigns":false,"_uag_custom_page_level_css":"","_monsterinsights_skip_tracking":false,"_monsterinsights_sitenote_active":false,"_monsterinsights_sitenote_note":"","_monsterinsights_sitenote_category":0,"site-sidebar-layout":"default","site-content-layout":"","ast-site-content-layout":"default","site-content-style":"default","site-sidebar-style":"default","ast-global-header-display":"","ast-banner-title-visibility":"","ast-main-header-display":"","ast-hfb-above-header-display":"","ast-hfb-below-header-display":"","ast-hfb-mobile-header-display":"","site-post-title":"","ast-breadcrumbs-content":"","ast-featured-img":"","footer-sml-layout":"","theme-transparent-header-meta":"enabled","adv-header-id-meta":"","stick-header-meta":"","header-above-stick-meta":"","header-main-stick-meta":"","header-below-stick-meta":"","astra-migrate-meta-layouts":"default","ast-page-background-enabled":"default","ast-page-background-meta":{"desktop":{"background-color":"","background-image":"","background-repeat":"repeat","background-position":"center center","background-size":"auto","background-attachment":"scroll","background-type":"","background-media":"","overlay-type":"","overlay-color":"","overlay-opacity":"","overlay-gradient":""},"tablet":{"background-color":"","background-image":"","background-repeat":"repeat","background-position":"center center","background-size":"auto","background-attachment":"scroll","background-type":"","background-media":"","overlay-type":"","overlay-color":"","overlay-opacity":"","overlay-gradient":""},"mobile":{"background-color":"","background-image":"","background-repeat":"repeat","background-position":"center center","background-size":"auto","background-attachment":"scroll","background-type":"","background-media":"","overlay-type":"","overlay-color":"","overlay-opacity":"","overlay-gradient":""}},"ast-content-background-meta":{"desktop":{"background-color":"var(--ast-global-color-5)","background-image":"","background-repeat":"repeat","background-position":"center center","background-size":"auto","background-attachment":"scroll","background-type":"","background-media":"","overlay-type":"","overlay-color":"","overlay-opacity":"","overlay-gradient":""},"tablet":{"background-color":"var(--ast-global-color-5)","background-image":"","background-repeat":"repeat","background-position":"center center","background-size":"auto","background-attachment":"scroll","background-type":"","background-media":"","overlay-type":"","overlay-color":"","overlay-opacity":"","overlay-gradient":""},"mobile":{"background-color":"var(--ast-global-color-5)","background-image":"","background-repeat":"repeat","background-position":"center center","background-size":"auto","background-attachment":"scroll","background-type":"","background-media":"","overlay-type":"","overlay-color":"","overlay-opacity":"","overlay-gradient":""}},"footnotes":""},"class_list":["post-25241","page","type-page","status-publish","hentry"],"aioseo_notices":[],"_hostinger_reach_plugin_has_subscription_block":false,"_hostinger_reach_plugin_is_elementor":false,"uagb_featured_image_src":{"full":false,"thumbnail":false,"medium":false,"medium_large":false,"large":false,"1536x1536":false,"2048x2048":false,"mailpoet_newsletter_max":false},"uagb_author_info":{"display_name":"soporte","author_link":"https:\/\/academia.completei.es\/index.php\/author\/soporte\/"},"uagb_comment_info":0,"uagb_excerpt":"Inscr\u00edbete PASOS PARA INSCIRIBIRSE 1. Crear una cuenta (si a\u00fan no tienes una) Ingresa todos tus datos personales en el formulario de registro. Crea un nombre de usuario y una contrase\u00f1a. 2. Iniciar sesi\u00f3n Si ya tienes una cuenta, inicia sesi\u00f3n con tu usuario y contrase\u00f1a. 3. Realizar el pago Haz clic en el bot\u00f3n&hellip;","_links":{"self":[{"href":"https:\/\/academia.completei.es\/index.php\/wp-json\/wp\/v2\/pages\/25241","targetHints":{"allow":["GET"]}}],"collection":[{"href":"https:\/\/academia.completei.es\/index.php\/wp-json\/wp\/v2\/pages"}],"about":[{"href":"https:\/\/academia.completei.es\/index.php\/wp-json\/wp\/v2\/types\/page"}],"author":[{"embeddable":true,"href":"https:\/\/academia.completei.es\/index.php\/wp-json\/wp\/v2\/users\/1"}],"replies":[{"embeddable":true,"href":"https:\/\/academia.completei.es\/index.php\/wp-json\/wp\/v2\/comments?post=25241"}],"version-history":[{"count":37,"href":"https:\/\/academia.completei.es\/index.php\/wp-json\/wp\/v2\/pages\/25241\/revisions"}],"predecessor-version":[{"id":27686,"href":"https:\/\/academia.completei.es\/index.php\/wp-json\/wp\/v2\/pages\/25241\/revisions\/27686"}],"wp:attachment":[{"href":"https:\/\/academia.completei.es\/index.php\/wp-json\/wp\/v2\/media?parent=25241"}],"curies":[{"name":"wp","href":"https:\/\/api.w.org\/{rel}","templated":true}]}}